{"id":801,"date":"2023-11-09T09:33:04","date_gmt":"2023-11-09T09:33:04","guid":{"rendered":"https:\/\/opoacademy.com\/contactar-copy\/"},"modified":"2025-04-14T13:02:02","modified_gmt":"2025-04-14T13:02:02","slug":"noticias","status":"publish","type":"page","link":"https:\/\/opoacademy.com\/en\/noticias\/","title":{"rendered":"News"},"content":{"rendered":"<section class=\"wpb-content-wrapper\"><div      class=\"vc_row wpb_row section vc_row-fluid  vc_custom_1699529448469 grid_section\" style=' text-align:left;'><div class=\"section_inner clearfix\"><div class='section_inner_margin clearfix'><div class=\"wpb_column vc_column_container vc_col-sm-12 vc_col-has-fill\"><div class=\"vc_column-inner vc_custom_1696428844776\"><div class=\"wpb_wrapper\"><div      class=\"vc_row wpb_row section vc_row-fluid vc_inner  vc_custom_1699524302211\" style=' text-align:left;'><div class=\"full_section_inner clearfix\"><div class=\"wpb_column vc_column_container vc_col-sm-6\"><div class=\"vc_column-inner\"><div class=\"wpb_wrapper\"><div class='q_elements_holder one_column responsive_mode_from_768' ><div class='q_elements_item' data-1280-1440='40px 0px 60px 60px' data-1024-1280='40px 0px 60px 60px' data-768-1024='40px 0px 60px 60px' data-600-768='30px 30px 80px 30px' data-480-600='20px 20px 80px 20px' data-480='20px 20px 80px 20px' data-animation='no' data-item-class='q_elements_holder_custom_269888'><div class='q_elements_item_inner'><div class='q_elements_item_content q_elements_holder_custom_269888' style='padding:40px 0px 60px 60px'>\n\t<div class=\"wpb_single_image wpb_content_element vc_align_left\">\n\t\t<div class=\"wpb_wrapper\">\n\t\t\t\n\t\t\t<div class=\"vc_single_image-wrapper   vc_box_border_grey\"><img decoding=\"async\" class=\"vc_single_image-img\" src=\"https:\/\/opoacademy.com\/wp-content\/uploads\/2023\/08\/opoacademy-oposiciones-blog-ico-80x80.png\" width=\"80\" height=\"80\" alt=\"Academia de Oposiciones\" title=\"opoacademy-public-exams-blog-ico\" \/><\/div>\n\t\t<\/div>\n\t<\/div>\n\t<div class=\"vc_empty_space\"  style=\"height: 17px\" ><span\n\t\t\tclass=\"vc_empty_space_inner\">\n\t\t\t<span class=\"empty_space_image\"  ><\/span>\n\t\t<\/span><\/div>\n\n\n\t<div class=\"wpb_text_column wpb_content_element\">\n\t\t<div class=\"wpb_wrapper\">\n\t\t\t<h3>OpoAcademy<\/h3>\n\n\t\t<\/div> \n\t<\/div> \t<div class=\"vc_empty_space\"  style=\"height: 20px\" ><span\n\t\t\tclass=\"vc_empty_space_inner\">\n\t\t\t<span class=\"empty_space_image\"  ><\/span>\n\t\t<\/span><\/div>\n\n\n\t<div class=\"wpb_text_column wpb_content_element\">\n\t\t<div class=\"wpb_wrapper\">\n\t\t\t<h1>News<\/h1>\n\n\t\t<\/div> \n\t<\/div> \t<div class=\"vc_empty_space\"  style=\"height: 17px\" ><span\n\t\t\tclass=\"vc_empty_space_inner\">\n\t\t\t<span class=\"empty_space_image\"  ><\/span>\n\t\t<\/span><\/div>\n\n\n\t<div class=\"wpb_text_column wpb_content_element\">\n\t\t<div class=\"wpb_wrapper\">\n\t\t\t<p>Stay informed of our latest news on this blog.<\/p>\n<p>&amp; <span style=\"color: #36b0c9;\"><strong>suscribe<\/strong> <\/span>to our social media:<\/p>\n\n\t\t<\/div> \n\t<\/div> \t<div class=\"vc_empty_space\"  style=\"height: 20px\" ><span\n\t\t\tclass=\"vc_empty_space_inner\">\n\t\t\t<span class=\"empty_space_image\"  ><\/span>\n\t\t<\/span><\/div>\n\n<span class='q_social_icon_holder normal_social' ><a itemprop='url' href='https:\/\/www.linkedin.com\/in\/opoacademy-formaci%C3%B3n-95194025b\/' target='_blank'><span aria-hidden=\"true\" class=\"qode_icon_font_elegant social_linkedin fa-lg simple_social\" style=\"\" ><\/span><\/a><\/span><span class='q_social_icon_holder normal_social' ><a itemprop='url' href='ttps:\/\/www.facebook.com\/profile.php?id=100087295921422' target='_blank'><span aria-hidden=\"true\" class=\"qode_icon_font_elegant social_facebook fa-lg simple_social\" style=\"\" ><\/span><\/a><\/span><span class='q_social_icon_holder normal_social' ><a itemprop='url' href='https:\/\/www.instagram.com\/rrss.opoacademy\/' target='_blank'><span aria-hidden=\"true\" class=\"qode_icon_font_elegant social_instagram fa-lg simple_social\" style=\"\" ><\/span><\/a><\/span><\/div><\/div><\/div><\/div><\/div><\/div><\/div><div class=\"wpb_column vc_column_container vc_col-sm-6\"><div class=\"vc_column-inner vc_custom_1699523249561\"><div class=\"wpb_wrapper\">\n<div class='latest_post_holder image_in_box' >\n    <ul>\n    \n        <li class=\"clearfix\">\n            <div class=\"latest_post\"  >\n                <div class=\"latest_post_image clearfix\">\n                    <a itemprop=\"url\" href=\"https:\/\/opoacademy.com\/en\/oposiciones-en-navidad-y-convocatorias-2026\/\">\n                        <img decoding=\"async\" width=\"150\" height=\"150\" src=\"https:\/\/opoacademy.com\/wp-content\/uploads\/2025\/12\/oposiciones-en-navidad-y-convocatorias-2026-destacada-150x150.webp\" class=\"attachment-thumbnail size-thumbnail\" alt=\"Oposiciones en Navidad y convocatorias 2026\" srcset=\"https:\/\/opoacademy.com\/wp-content\/uploads\/2025\/12\/oposiciones-en-navidad-y-convocatorias-2026-destacada-150x150.webp 150w, https:\/\/opoacademy.com\/wp-content\/uploads\/2025\/12\/oposiciones-en-navidad-y-convocatorias-2026-destacada-300x300.webp 300w, https:\/\/opoacademy.com\/wp-content\/uploads\/2025\/12\/oposiciones-en-navidad-y-convocatorias-2026-destacada-1024x1024.webp 1024w, https:\/\/opoacademy.com\/wp-content\/uploads\/2025\/12\/oposiciones-en-navidad-y-convocatorias-2026-destacada-768x768.webp 768w, https:\/\/opoacademy.com\/wp-content\/uploads\/2025\/12\/oposiciones-en-navidad-y-convocatorias-2026-destacada-1536x1536.webp 1536w, https:\/\/opoacademy.com\/wp-content\/uploads\/2025\/12\/oposiciones-en-navidad-y-convocatorias-2026-destacada-2048x2048.webp 2048w, https:\/\/opoacademy.com\/wp-content\/uploads\/2025\/12\/oposiciones-en-navidad-y-convocatorias-2026-destacada-12x12.webp 12w, https:\/\/opoacademy.com\/wp-content\/uploads\/2025\/12\/oposiciones-en-navidad-y-convocatorias-2026-destacada-570x570.webp 570w, https:\/\/opoacademy.com\/wp-content\/uploads\/2025\/12\/oposiciones-en-navidad-y-convocatorias-2026-destacada-500x500.webp 500w, https:\/\/opoacademy.com\/wp-content\/uploads\/2025\/12\/oposiciones-en-navidad-y-convocatorias-2026-destacada-1000x1000.webp 1000w, https:\/\/opoacademy.com\/wp-content\/uploads\/2025\/12\/oposiciones-en-navidad-y-convocatorias-2026-destacada-700x700.webp 700w, https:\/\/opoacademy.com\/wp-content\/uploads\/2025\/12\/oposiciones-en-navidad-y-convocatorias-2026-destacada-650x650.webp 650w, https:\/\/opoacademy.com\/wp-content\/uploads\/2025\/12\/oposiciones-en-navidad-y-convocatorias-2026-destacada-1300x1300.webp 1300w\" sizes=\"(max-width: 150px) 100vw, 150px\" \/>                    <\/a>\n                <\/div>\n\n\n                <div class=\"latest_post_text\">\n                    <div class=\"latest_post_inner\">\n                        <div class=\"latest_post_text_inner\">\n                            <h3 itemprop=\"name\" class=\"latest_post_title entry_title\"><a itemprop=\"url\" href=\"https:\/\/opoacademy.com\/en\/oposiciones-en-navidad-y-convocatorias-2026\/\">Oposiciones en Navidad y convocatorias 2026<\/a><\/h3>\n                            <p class=\"excerpt\">C\u00f3mo prepararte para oposiciones en Navidad y planificar convocatorias clave para 2026. Consejos, organizaci\u00f3n y previsiones para iniciar el a\u00f1o con ventaja....<\/p>\n                            <span class=\"post_infos\">\n                                                                    <span class=\"date_hour_holder\">\n                                        <span itemprop=\"dateCreated\" class=\"date entry_date updated\">11 December, 2025 <meta itemprop=\"interactionCount\" content=\"UserComments: 0\"\/><\/span>\n                                    <\/span>\n                                \n                                \n                                \n                                \n                                                            <\/span>\n                        <\/div>\n                    <\/div>\n                <\/div>\n            <\/div>\n        <\/li>\n        \n        <li class=\"clearfix\">\n            <div class=\"latest_post\"  >\n                <div class=\"latest_post_image clearfix\">\n                    <a itemprop=\"url\" href=\"https:\/\/opoacademy.com\/en\/examenes-de-oposicion-inusuales-en-espana\/\">\n                        <img decoding=\"async\" width=\"150\" height=\"150\" src=\"https:\/\/opoacademy.com\/wp-content\/uploads\/2025\/11\/examenes-de-oposicion-inusuales-destacada-150x150.webp\" class=\"attachment-thumbnail size-thumbnail\" alt=\"Ex\u00e1menes de oposici\u00f3n inusuales en Espa\u00f1a\" srcset=\"https:\/\/opoacademy.com\/wp-content\/uploads\/2025\/11\/examenes-de-oposicion-inusuales-destacada-150x150.webp 150w, https:\/\/opoacademy.com\/wp-content\/uploads\/2025\/11\/examenes-de-oposicion-inusuales-destacada-300x300.webp 300w, https:\/\/opoacademy.com\/wp-content\/uploads\/2025\/11\/examenes-de-oposicion-inusuales-destacada-1024x1024.webp 1024w, https:\/\/opoacademy.com\/wp-content\/uploads\/2025\/11\/examenes-de-oposicion-inusuales-destacada-768x768.webp 768w, https:\/\/opoacademy.com\/wp-content\/uploads\/2025\/11\/examenes-de-oposicion-inusuales-destacada-1536x1536.webp 1536w, https:\/\/opoacademy.com\/wp-content\/uploads\/2025\/11\/examenes-de-oposicion-inusuales-destacada-2048x2048.webp 2048w, https:\/\/opoacademy.com\/wp-content\/uploads\/2025\/11\/examenes-de-oposicion-inusuales-destacada-12x12.webp 12w, https:\/\/opoacademy.com\/wp-content\/uploads\/2025\/11\/examenes-de-oposicion-inusuales-destacada-570x570.webp 570w, https:\/\/opoacademy.com\/wp-content\/uploads\/2025\/11\/examenes-de-oposicion-inusuales-destacada-500x500.webp 500w, https:\/\/opoacademy.com\/wp-content\/uploads\/2025\/11\/examenes-de-oposicion-inusuales-destacada-1000x1000.webp 1000w, https:\/\/opoacademy.com\/wp-content\/uploads\/2025\/11\/examenes-de-oposicion-inusuales-destacada-700x700.webp 700w, https:\/\/opoacademy.com\/wp-content\/uploads\/2025\/11\/examenes-de-oposicion-inusuales-destacada-650x650.webp 650w, https:\/\/opoacademy.com\/wp-content\/uploads\/2025\/11\/examenes-de-oposicion-inusuales-destacada-1300x1300.webp 1300w\" sizes=\"(max-width: 150px) 100vw, 150px\" \/>                    <\/a>\n                <\/div>\n\n\n                <div class=\"latest_post_text\">\n                    <div class=\"latest_post_inner\">\n                        <div class=\"latest_post_text_inner\">\n                            <h3 itemprop=\"name\" class=\"latest_post_title entry_title\"><a itemprop=\"url\" href=\"https:\/\/opoacademy.com\/en\/examenes-de-oposicion-inusuales-en-espana\/\">Ex\u00e1menes de oposici\u00f3n inusuales en Espa\u00f1a<\/a><\/h3>\n                            <p class=\"excerpt\">Descubre las pruebas m\u00e1s curiosas e inusuales de los ex\u00e1menes de oposici\u00f3n en Espa\u00f1a y c\u00f3mo influyen en los procesos selectivos. ...<\/p>\n                            <span class=\"post_infos\">\n                                                                    <span class=\"date_hour_holder\">\n                                        <span itemprop=\"dateCreated\" class=\"date entry_date updated\">20 November, 2025 <meta itemprop=\"interactionCount\" content=\"UserComments: 0\"\/><\/span>\n                                    <\/span>\n                                \n                                \n                                \n                                \n                                                            <\/span>\n                        <\/div>\n                    <\/div>\n                <\/div>\n            <\/div>\n        <\/li>\n        \n        <li class=\"clearfix\">\n            <div class=\"latest_post\"  >\n                <div class=\"latest_post_image clearfix\">\n                    <a itemprop=\"url\" href=\"https:\/\/opoacademy.com\/en\/teletrabajo-y-empleo-publico\/\">\n                        <img loading=\"lazy\" decoding=\"async\" width=\"150\" height=\"150\" src=\"https:\/\/opoacademy.com\/wp-content\/uploads\/2025\/10\/teletrabajo-y-empleo-publico-destacada-150x150.webp\" class=\"attachment-thumbnail size-thumbnail\" alt=\"El impacto del teletrabajo en las plazas de empleo p\u00fablico\" srcset=\"https:\/\/opoacademy.com\/wp-content\/uploads\/2025\/10\/teletrabajo-y-empleo-publico-destacada-150x150.webp 150w, https:\/\/opoacademy.com\/wp-content\/uploads\/2025\/10\/teletrabajo-y-empleo-publico-destacada-300x300.webp 300w, https:\/\/opoacademy.com\/wp-content\/uploads\/2025\/10\/teletrabajo-y-empleo-publico-destacada-1024x1024.webp 1024w, https:\/\/opoacademy.com\/wp-content\/uploads\/2025\/10\/teletrabajo-y-empleo-publico-destacada-768x768.webp 768w, https:\/\/opoacademy.com\/wp-content\/uploads\/2025\/10\/teletrabajo-y-empleo-publico-destacada-1536x1536.webp 1536w, https:\/\/opoacademy.com\/wp-content\/uploads\/2025\/10\/teletrabajo-y-empleo-publico-destacada-2048x2048.webp 2048w, https:\/\/opoacademy.com\/wp-content\/uploads\/2025\/10\/teletrabajo-y-empleo-publico-destacada-12x12.webp 12w, https:\/\/opoacademy.com\/wp-content\/uploads\/2025\/10\/teletrabajo-y-empleo-publico-destacada-570x570.webp 570w, https:\/\/opoacademy.com\/wp-content\/uploads\/2025\/10\/teletrabajo-y-empleo-publico-destacada-500x500.webp 500w, https:\/\/opoacademy.com\/wp-content\/uploads\/2025\/10\/teletrabajo-y-empleo-publico-destacada-1000x1000.webp 1000w, https:\/\/opoacademy.com\/wp-content\/uploads\/2025\/10\/teletrabajo-y-empleo-publico-destacada-700x700.webp 700w, https:\/\/opoacademy.com\/wp-content\/uploads\/2025\/10\/teletrabajo-y-empleo-publico-destacada-650x650.webp 650w, https:\/\/opoacademy.com\/wp-content\/uploads\/2025\/10\/teletrabajo-y-empleo-publico-destacada-1300x1300.webp 1300w\" sizes=\"(max-width: 150px) 100vw, 150px\" \/>                    <\/a>\n                <\/div>\n\n\n                <div class=\"latest_post_text\">\n                    <div class=\"latest_post_inner\">\n                        <div class=\"latest_post_text_inner\">\n                            <h3 itemprop=\"name\" class=\"latest_post_title entry_title\"><a itemprop=\"url\" href=\"https:\/\/opoacademy.com\/en\/teletrabajo-y-empleo-publico\/\">Teletrabajo y empleo p\u00fablico<\/a><\/h3>\n                            <p class=\"excerpt\">El teletrabajo est\u00e1 transformando las oposiciones y el empleo p\u00fablico. Descubre c\u00f3mo afecta a las plazas y qu\u00e9 perfiles se benefician m\u00e1s....<\/p>\n                            <span class=\"post_infos\">\n                                                                    <span class=\"date_hour_holder\">\n                                        <span itemprop=\"dateCreated\" class=\"date entry_date updated\">14 October, 2025 <meta itemprop=\"interactionCount\" content=\"UserComments: 0\"\/><\/span>\n                                    <\/span>\n                                \n                                \n                                \n                                \n                                                            <\/span>\n                        <\/div>\n                    <\/div>\n                <\/div>\n            <\/div>\n        <\/li>\n        \n    <\/ul>\n<\/div><\/div><\/div><\/div><\/div><\/div><\/div><\/div><\/div><\/div><\/div><\/div>\n<\/section>","protected":false},"excerpt":{"rendered":"Teletrabajo y empleo p\u00fablico El impacto del teletrabajo en las plazas de empleo p\u00fablico El\u00a0teletrabajo en la administraci\u00f3n p\u00fablica\u00a0ha dejado de ser una excepci\u00f3n para convertirse en una realidad creciente. Tras la pandemia y con la aprobaci\u00f3n de nuevas normativas, muchas administraciones han incorporado modalidades...","protected":false},"author":2,"featured_media":0,"parent":0,"menu_order":0,"comment_status":"closed","ping_status":"closed","template":"blog-pinterest.php","meta":{"footnotes":""},"class_list":["post-801","page","type-page","status-publish","hentry"],"aioseo_notices":[],"_links":{"self":[{"href":"https:\/\/opoacademy.com\/en\/wp-json\/wp\/v2\/pages\/801","targetHints":{"allow":["GET"]}}],"collection":[{"href":"https:\/\/opoacademy.com\/en\/wp-json\/wp\/v2\/pages"}],"about":[{"href":"https:\/\/opoacademy.com\/en\/wp-json\/wp\/v2\/types\/page"}],"author":[{"embeddable":true,"href":"https:\/\/opoacademy.com\/en\/wp-json\/wp\/v2\/users\/2"}],"replies":[{"embeddable":true,"href":"https:\/\/opoacademy.com\/en\/wp-json\/wp\/v2\/comments?post=801"}],"version-history":[{"count":15,"href":"https:\/\/opoacademy.com\/en\/wp-json\/wp\/v2\/pages\/801\/revisions"}],"predecessor-version":[{"id":1239,"href":"https:\/\/opoacademy.com\/en\/wp-json\/wp\/v2\/pages\/801\/revisions\/1239"}],"wp:attachment":[{"href":"https:\/\/opoacademy.com\/en\/wp-json\/wp\/v2\/media?parent=801"}],"curies":[{"name":"wp","href":"https:\/\/api.w.org\/{rel}","templated":true}]}}