{"id":736,"date":"2023-11-07T16:30:31","date_gmt":"2023-11-07T16:30:31","guid":{"rendered":"https:\/\/opoacademy.com\/aviso-legal-copy\/"},"modified":"2025-04-14T13:14:06","modified_gmt":"2025-04-14T13:14:06","slug":"recursos-para-opositores","status":"publish","type":"page","link":"https:\/\/opoacademy.com\/en\/recursos-para-opositores\/","title":{"rendered":"Public Exams Resources"},"content":{"rendered":"<section class=\"wpb-content-wrapper\"><div      class=\"vc_row wpb_row section vc_row-fluid  vc_custom_1699530065645 grid_section\" style=' padding-top:30pxpx; padding-bottom:30pxpx; text-align:left;'><div class=\"section_inner clearfix\"><div class='section_inner_margin clearfix'><div class=\"wpb_column vc_column_container vc_col-sm-12 vc_col-has-fill\"><div class=\"vc_column-inner vc_custom_1696428844776\"><div class=\"wpb_wrapper\"><div      class=\"vc_row wpb_row section vc_row-fluid vc_inner\" style=' padding-top:30pxpx; padding-bottom:30pxpx; text-align:left;'><div class=\"full_section_inner clearfix\"><div class=\"wpb_column vc_column_container vc_col-sm-6\"><div class=\"vc_column-inner\"><div class=\"wpb_wrapper\"><div class='q_elements_holder one_column responsive_mode_from_768' ><div class='q_elements_item' data-1280-1440='40px 0px 60px 60px' data-1024-1280='40px 0px 60px 60px' data-768-1024='40px 0px 60px 60px' data-600-768='30px 30px 80px 30px' data-480-600='20px 20px 80px 20px' data-480='20px 20px 80px 20px' data-animation='no' data-item-class='q_elements_holder_custom_603316'><div class='q_elements_item_inner'><div class='q_elements_item_content q_elements_holder_custom_603316' style='padding:40px 0px 60px 60px'>\n\t<div class=\"wpb_single_image wpb_content_element vc_align_left\">\n\t\t<div class=\"wpb_wrapper\">\n\t\t\t\n\t\t\t<div class=\"vc_single_image-wrapper   vc_box_border_grey\"><img decoding=\"async\" class=\"vc_single_image-img\" src=\"https:\/\/opoacademy.com\/wp-content\/uploads\/2023\/08\/opoacademy-oposiciones-blog-ico-80x80.png\" width=\"80\" height=\"80\" alt=\"Academia de Oposiciones\" title=\"opoacademy-public-exams-blog-ico\" \/><\/div>\n\t\t<\/div>\n\t<\/div>\n\t<div class=\"vc_empty_space\"  style=\"height: 17px\" ><span\n\t\t\tclass=\"vc_empty_space_inner\">\n\t\t\t<span class=\"empty_space_image\"  ><\/span>\n\t\t<\/span><\/div>\n\n\n\t<div class=\"wpb_text_column wpb_content_element\">\n\t\t<div class=\"wpb_wrapper\">\n\t\t\t<h3>OpoAcademy<\/h3>\n\n\t\t<\/div> \n\t<\/div> \t<div class=\"vc_empty_space\"  style=\"height: 17px\" ><span\n\t\t\tclass=\"vc_empty_space_inner\">\n\t\t\t<span class=\"empty_space_image\"  ><\/span>\n\t\t<\/span><\/div>\n\n\n\t<div class=\"wpb_text_column wpb_content_element\">\n\t\t<div class=\"wpb_wrapper\">\n\t\t\t<h1>Resources for Public Exams<\/h1>\n\n\t\t<\/div> \n\t<\/div> \t<div class=\"vc_empty_space\"  style=\"height: 17px\" ><span\n\t\t\tclass=\"vc_empty_space_inner\">\n\t\t\t<span class=\"empty_space_image\"  ><\/span>\n\t\t<\/span><\/div>\n\n\n\t<div class=\"wpb_text_column wpb_content_element\">\n\t\t<div class=\"wpb_wrapper\">\n\t\t\t<p>We offer you files to view or download, exam templates and much more:<\/p>\n<p><span style=\"color: #36b0c9;\"><strong>Contact us<\/strong>\u00a0<\/span>With any questions or concerns:<\/p>\n\n\t\t<\/div> \n\t<\/div> \t<div class=\"vc_empty_space\"  style=\"height: 20px\" ><span\n\t\t\tclass=\"vc_empty_space_inner\">\n\t\t\t<span class=\"empty_space_image\"  ><\/span>\n\t\t<\/span><\/div>\n\n<a  itemprop=\"url\" href=\"https:\/\/opoacademy.com\/contactar\/\" target=\"_self\"  class=\"qbutton  default\" style=\"\">Contact<\/a><\/div><\/div><\/div><\/div>\t<div class=\"vc_empty_space\"  style=\"height: 20px\" ><span\n\t\t\tclass=\"vc_empty_space_inner\">\n\t\t\t<span class=\"empty_space_image\"  ><\/span>\n\t\t<\/span><\/div>\n\n<\/div><\/div><\/div><div class=\"wpb_column vc_column_container vc_col-sm-6\"><div class=\"vc_column-inner\"><div class=\"wpb_wrapper\">\n\t<div class=\"wpb_single_image wpb_content_element vc_align_center  vc_custom_1699530129829\">\n\t\t<div class=\"wpb_wrapper\">\n\t\t\t\n\t\t\t<div class=\"vc_single_image-wrapper vc_box_rounded  vc_box_border_grey\"><img fetchpriority=\"high\" decoding=\"async\" width=\"2500\" height=\"1950\" src=\"https:\/\/opoacademy.com\/wp-content\/uploads\/2023\/11\/test-psicotecnicos-oposiciones.webp\" class=\"vc_single_image-img attachment-full\" alt=\"Tests psicot\u00e9cnicos\" title=\"test-psicotecnicos-oposiciones\" srcset=\"https:\/\/opoacademy.com\/wp-content\/uploads\/2023\/11\/test-psicotecnicos-oposiciones.webp 2500w, https:\/\/opoacademy.com\/wp-content\/uploads\/2023\/11\/test-psicotecnicos-oposiciones-300x234.webp 300w, https:\/\/opoacademy.com\/wp-content\/uploads\/2023\/11\/test-psicotecnicos-oposiciones-1024x799.webp 1024w, https:\/\/opoacademy.com\/wp-content\/uploads\/2023\/11\/test-psicotecnicos-oposiciones-768x599.webp 768w, https:\/\/opoacademy.com\/wp-content\/uploads\/2023\/11\/test-psicotecnicos-oposiciones-1536x1198.webp 1536w, https:\/\/opoacademy.com\/wp-content\/uploads\/2023\/11\/test-psicotecnicos-oposiciones-2048x1597.webp 2048w, https:\/\/opoacademy.com\/wp-content\/uploads\/2023\/11\/test-psicotecnicos-oposiciones-700x546.webp 700w\" sizes=\"(max-width: 2500px) 100vw, 2500px\" \/><\/div>\n\t\t<\/div>\n\t<\/div>\n<\/div><\/div><\/div><\/div><\/div><\/div><\/div><\/div><\/div><\/div><\/div><div      class=\"vc_row wpb_row section vc_row-fluid  vc_custom_1699530404970 grid_section\" style=' text-align:left;'><div class=\"section_inner clearfix\"><div class='section_inner_margin clearfix'><div class=\"wpb_column vc_column_container vc_col-sm-6 vc_col-has-fill\"><div class=\"vc_column-inner vc_custom_1699530363086\"><div class=\"wpb_wrapper\"><div class='q_elements_holder two_columns responsive_mode_from_768' ><div class='q_elements_item' data-1280-1440='20px 40px 20px 40px' data-1024-1280='20px 40px 20px 40px' data-768-1024='20px 40px 20px 40px' data-600-768='20px 40px 20px 40px' data-480-600='20px 40px 20px 40px' data-480='20px 40px 20px 40px' data-animation='no' data-item-class='q_elements_holder_custom_808510' style='vertical-align:top;'><div class='q_elements_item_inner'><div class='q_elements_item_content q_elements_holder_custom_808510' style='padding:20px 40px 20px 40px'>\n\t<div class=\"wpb_text_column wpb_content_element\">\n\t\t<div class=\"wpb_wrapper\">\n\t\t\t<h2><span style=\"color: #36b0c9;\">Previous exam Health Service Guard with template<\/span><\/h2>\n\n\t\t<\/div> \n\t<\/div> \t<div class=\"vc_empty_space\"  style=\"height: 5px\" ><span\n\t\t\tclass=\"vc_empty_space_inner\">\n\t\t\t<span class=\"empty_space_image\"  ><\/span>\n\t\t<\/span><\/div>\n\n\n\t<div class=\"wpb_text_column wpb_content_element\">\n\t\t<div class=\"wpb_wrapper\">\n\t\t\t<p style=\"font-weight: 400;\">Here you can find the previous exams to better prepare yourself for the Guardian exams.<\/p>\n<p style=\"text-align: left;\"><!-- \/wp:paragraph --><\/p>\n\n\t\t<\/div> \n\t<\/div> <\/div><\/div><\/div><div class='q_elements_item' data-1280-1440='20px 40px 20px 40px' data-1024-1280='20px 40px 20px 40px' data-768-1024='20px 40px 20px 40px' data-600-768='20px 40px 20px 40px' data-480-600='20px 40px 20px 40px' data-480='20px 40px 20px 40px' data-animation='no' data-item-class='q_elements_holder_custom_630841' style='vertical-align:top;'><div class='q_elements_item_inner'><div class='q_elements_item_content q_elements_holder_custom_630841' style='padding:20px 40px 20px 40px'>\n\t<div class=\"wpb_single_image wpb_content_element vc_align_center  vc_custom_1699531916412\">\n\t\t<div class=\"wpb_wrapper\">\n\t\t\t\n\t\t\t<div class=\"vc_single_image-wrapper vc_box_rounded  vc_box_border_grey\"><img decoding=\"async\" width=\"2500\" height=\"1950\" src=\"https:\/\/opoacademy.com\/wp-content\/uploads\/2023\/10\/OpoAcademy-oposiciones-celador.webp\" class=\"vc_single_image-img attachment-full\" alt=\"Oposiciones para Celador en Extremadura\" title=\"OpoAcademy-oposiciones-celador\" srcset=\"https:\/\/opoacademy.com\/wp-content\/uploads\/2023\/10\/OpoAcademy-oposiciones-celador.webp 2500w, https:\/\/opoacademy.com\/wp-content\/uploads\/2023\/10\/OpoAcademy-oposiciones-celador-300x234.webp 300w, https:\/\/opoacademy.com\/wp-content\/uploads\/2023\/10\/OpoAcademy-oposiciones-celador-1024x799.webp 1024w, https:\/\/opoacademy.com\/wp-content\/uploads\/2023\/10\/OpoAcademy-oposiciones-celador-768x599.webp 768w, https:\/\/opoacademy.com\/wp-content\/uploads\/2023\/10\/OpoAcademy-oposiciones-celador-1536x1198.webp 1536w, https:\/\/opoacademy.com\/wp-content\/uploads\/2023\/10\/OpoAcademy-oposiciones-celador-2048x1597.webp 2048w, https:\/\/opoacademy.com\/wp-content\/uploads\/2023\/10\/OpoAcademy-oposiciones-celador-700x546.webp 700w\" sizes=\"(max-width: 2500px) 100vw, 2500px\" \/><\/div>\n\t\t<\/div>\n\t<\/div>\n<\/div><\/div><\/div><\/div><div class='q_elements_holder one_column responsive_mode_from_768' ><div class='q_elements_item' data-1280-1440='20px 40px 40px 40px' data-1024-1280='20px 40px 40px 40px' data-768-1024='20px 40px 40px 40px' data-600-768='20px 40px 20px 40px' data-480-600='20px 40px 20px 40px' data-480='20px 40px 20px 40px' data-animation='no' data-item-class='q_elements_holder_custom_231782' style='vertical-align:top;'><div class='q_elements_item_inner'><div class='q_elements_item_content q_elements_holder_custom_231782' style='padding:20px 40px 40px 40px'><div class=\"qode-item qode-item-right\">\n\t\t\t<div class=\"qode-item-icon\">\n\t\t\t\t\t\t\t<a href=\"https:\/\/opoacademy.com\/wp-content\/uploads\/2023\/11\/EXAMEN-CELADOR-LIBRE.pdf\">\n\t\t\t\t\t\t<i class=\"fa-arrow-down fa\" style=\"color:#f7b90f;background-color:\"><\/i>\t\t\t\t\t\t\t<\/a>\n\t\t\t\t\t<\/div>\n\t\t<div class=\"qode-item-content\">\n\t\t\t\t<div class=\"qode-showcase-title-holder\">\n\t\t\t\t\t\t\t<a href=\"https:\/\/opoacademy.com\/wp-content\/uploads\/2023\/11\/EXAMEN-CELADOR-LIBRE.pdf\">\n\t\t\t\t\t\t\t<h4 class=\"qode-showcase-title\">Free Guardian Exam<\/h4>\n\t\t\t\t\t\t\t<\/a>\n\t\t\t\t\t<\/div>\n\t\t\t<\/div>\n\t<\/div><div class=\"separator  normal\" style=\"margin-top: 15px;margin-bottom: 15px;background-color: #ffbe34;height: 1px;\"><\/div>\n<div class=\"qode-item qode-item-right\">\n\t\t\t<div class=\"qode-item-icon\">\n\t\t\t\t\t\t\t<a href=\"https:\/\/opoacademy.com\/wp-content\/uploads\/2023\/11\/EXAMEN-CELADOR-PROMOCION-INTERNA.pdf\">\n\t\t\t\t\t\t<i class=\"fa-arrow-down fa\" style=\"color:#f7b90f;background-color:\"><\/i>\t\t\t\t\t\t\t<\/a>\n\t\t\t\t\t<\/div>\n\t\t<div class=\"qode-item-content\">\n\t\t\t\t<div class=\"qode-showcase-title-holder\">\n\t\t\t\t\t\t\t<a href=\"https:\/\/opoacademy.com\/wp-content\/uploads\/2023\/11\/EXAMEN-CELADOR-PROMOCION-INTERNA.pdf\">\n\t\t\t\t\t\t\t<h4 class=\"qode-showcase-title\">Internal Promotion Guardian Exam<\/h4>\n\t\t\t\t\t\t\t<\/a>\n\t\t\t\t\t<\/div>\n\t\t\t<\/div>\n\t<\/div><div class=\"separator  normal\" style=\"margin-top: 15px;margin-bottom: 15px;background-color: #ffbe34;height: 1px;\"><\/div>\n<div class=\"qode-item qode-item-right\">\n\t\t\t<div class=\"qode-item-icon\">\n\t\t\t\t\t\t\t<a href=\"https:\/\/opoacademy.com\/wp-content\/uploads\/2023\/11\/RESPUESTAS-CELADOR-LIBRE.pdf\">\n\t\t\t\t\t\t<i class=\"fa-arrow-down fa\" style=\"color:#f7b90f;background-color:\"><\/i>\t\t\t\t\t\t\t<\/a>\n\t\t\t\t\t<\/div>\n\t\t<div class=\"qode-item-content\">\n\t\t\t\t<div class=\"qode-showcase-title-holder\">\n\t\t\t\t\t\t\t<a href=\"https:\/\/opoacademy.com\/wp-content\/uploads\/2023\/11\/RESPUESTAS-CELADOR-LIBRE.pdf\">\n\t\t\t\t\t\t\t<h4 class=\"qode-showcase-title\">Answers - Celador Libre exam<\/h4>\n\t\t\t\t\t\t\t<\/a>\n\t\t\t\t\t<\/div>\n\t\t\t<\/div>\n\t<\/div><div class=\"separator  normal\" style=\"margin-top: 15px;margin-bottom: 15px;background-color: #ffbe34;height: 1px;\"><\/div>\n<div class=\"qode-item qode-item-right\">\n\t\t\t<div class=\"qode-item-icon\">\n\t\t\t\t\t\t\t<a href=\"https:\/\/opoacademy.com\/wp-content\/uploads\/2023\/11\/RESPUESTAS-CELADOR-PROMOCION-INTERNA.pdf\">\n\t\t\t\t\t\t<i class=\"fa-arrow-down fa\" style=\"color:#f7b90f;background-color:\"><\/i>\t\t\t\t\t\t\t<\/a>\n\t\t\t\t\t<\/div>\n\t\t<div class=\"qode-item-content\">\n\t\t\t\t<div class=\"qode-showcase-title-holder\">\n\t\t\t\t\t\t\t<a href=\"https:\/\/opoacademy.com\/wp-content\/uploads\/2023\/11\/RESPUESTAS-CELADOR-PROMOCION-INTERNA.pdf\">\n\t\t\t\t\t\t\t<h4 class=\"qode-showcase-title\">Answers - Internal Promotion Guardian exam<\/h4>\n\t\t\t\t\t\t\t<\/a>\n\t\t\t\t\t<\/div>\n\t\t\t<\/div>\n\t<\/div><div class=\"separator  normal\" style=\"margin-top: 15px;margin-bottom: 15px;background-color: #ffbe34;height: 1px;\"><\/div>\n<\/div><\/div><\/div><\/div><\/div><\/div><\/div><div class=\"wpb_column vc_column_container vc_col-sm-6 vc_col-has-fill\"><div class=\"vc_column-inner vc_custom_1699530379874\"><div class=\"wpb_wrapper\"><div class='q_elements_holder two_columns responsive_mode_from_768' ><div class='q_elements_item' data-1280-1440='20px 40px 20px 40px' data-1024-1280='20px 40px 20px 40px' data-768-1024='20px 40px 20px 40px' data-600-768='20px 40px 20px 40px' data-480-600='20px 40px 20px 40px' data-480='20px 40px 20px 40px' data-animation='no' data-item-class='q_elements_holder_custom_477258' style='vertical-align:top;'><div class='q_elements_item_inner'><div class='q_elements_item_content q_elements_holder_custom_477258' style='padding:20px 40px 20px 40px'>\n\t<div class=\"wpb_text_column wpb_content_element\">\n\t\t<div class=\"wpb_wrapper\">\n\t\t\t<h2><span style=\"color: #36b0c9;\">Exams and email templates May 7, 2023<\/span><\/h2>\n\n\t\t<\/div> \n\t<\/div> \t<div class=\"vc_empty_space\"  style=\"height: 5px\" ><span\n\t\t\tclass=\"vc_empty_space_inner\">\n\t\t\t<span class=\"empty_space_image\"  ><\/span>\n\t\t<\/span><\/div>\n\n\n\t<div class=\"wpb_text_column wpb_content_element\">\n\t\t<div class=\"wpb_wrapper\">\n\t\t\t<p style=\"font-weight: 400;\">Here you can find the previous exams to better prepare yourself for the Correos opposition.<\/p>\n\n\t\t<\/div> \n\t<\/div> <\/div><\/div><\/div><div class='q_elements_item' data-1280-1440='20px 40px 20px 40px' data-1024-1280='20px 40px 20px 40px' data-768-1024='20px 40px 20px 40px' data-600-768='20px 40px 20px 40px' data-480-600='20px 40px 20px 40px' data-480='20px 40px 20px 40px' data-animation='no' data-item-class='q_elements_holder_custom_647745' style='vertical-align:top;'><div class='q_elements_item_inner'><div class='q_elements_item_content q_elements_holder_custom_647745' style='padding:20px 40px 20px 40px'>\n\t<div class=\"wpb_single_image wpb_content_element vc_align_left  vc_custom_1699532021817\">\n\t\t<div class=\"wpb_wrapper\">\n\t\t\t\n\t\t\t<div class=\"vc_single_image-wrapper   vc_box_border_grey\"><img loading=\"lazy\" decoding=\"async\" width=\"300\" height=\"234\" src=\"https:\/\/opoacademy.com\/wp-content\/uploads\/2023\/10\/opoacademy-oposiciones-correos-300x234.webp\" class=\"vc_single_image-img attachment-medium\" alt=\"Escuela de oposiciones online Correos\" title=\"opoacademy-oposiciones-correos\" srcset=\"\" sizes=\"(max-width: 300px) 100vw, 300px\" data-srcset=\"\" \/><\/div>\n\t\t<\/div>\n\t<\/div>\n<\/div><\/div><\/div><\/div><div class='q_elements_holder two_columns responsive_mode_from_768' ><div class='q_elements_item' data-1280-1440='20px 20px 40px 40px' data-1024-1280='20px 20px 40px 40px' data-768-1024='20px 20px 40px 40px' data-600-768='20px 20px 20px 40px' data-480-600='20px 20px 20px 40px' data-480='20px 40px 20px 40px' data-animation='no' data-item-class='q_elements_holder_custom_825121' style='vertical-align:top;'><div class='q_elements_item_inner'><div class='q_elements_item_content q_elements_holder_custom_825121' style='padding:20px 20px 40px 40px'><div class=\"qode-item qode-item-right\">\n\t\t\t<div class=\"qode-item-icon\">\n\t\t\t\t\t\t\t<a href=\"https:\/\/opoacademy.com\/wp-content\/uploads\/2023\/11\/EXAMEN-CORREOS-ATC-A.pdf\">\n\t\t\t\t\t\t<i class=\"fa-arrow-down fa\" style=\"color:#f7b90f;background-color:\"><\/i>\t\t\t\t\t\t\t<\/a>\n\t\t\t\t\t<\/div>\n\t\t<div class=\"qode-item-content\">\n\t\t\t\t<div class=\"qode-showcase-title-holder\">\n\t\t\t\t\t\t\t<a href=\"https:\/\/opoacademy.com\/wp-content\/uploads\/2023\/11\/EXAMEN-CORREOS-ATC-A.pdf\">\n\t\t\t\t\t\t\t<h4 class=\"qode-showcase-title\">Examen Correos ATC A<\/h4>\n\t\t\t\t\t\t\t<\/a>\n\t\t\t\t\t<\/div>\n\t\t\t<\/div>\n\t<\/div><div class=\"separator  normal\" style=\"margin-top: 15px;margin-bottom: 15px;background-color: #ffbe34;height: 1px;\"><\/div>\n<div class=\"qode-item qode-item-right\">\n\t\t\t<div class=\"qode-item-icon\">\n\t\t\t\t\t\t\t<a href=\"https:\/\/opoacademy.com\/wp-content\/uploads\/2023\/11\/EXAMEN-CORREOS-ATC-B.pdf\">\n\t\t\t\t\t\t<i class=\"fa-arrow-down fa\" style=\"color:#f7b90f;background-color:\"><\/i>\t\t\t\t\t\t\t<\/a>\n\t\t\t\t\t<\/div>\n\t\t<div class=\"qode-item-content\">\n\t\t\t\t<div class=\"qode-showcase-title-holder\">\n\t\t\t\t\t\t\t<a href=\"https:\/\/opoacademy.com\/wp-content\/uploads\/2023\/11\/EXAMEN-CORREOS-ATC-B.pdf\">\n\t\t\t\t\t\t\t<h4 class=\"qode-showcase-title\">ATC B Post Office Exam<\/h4>\n\t\t\t\t\t\t\t<\/a>\n\t\t\t\t\t<\/div>\n\t\t\t<\/div>\n\t<\/div><div class=\"separator  normal\" style=\"margin-top: 15px;margin-bottom: 15px;background-color: #ffbe34;height: 1px;\"><\/div>\n<div class=\"qode-item qode-item-right\">\n\t\t\t<div class=\"qode-item-icon\">\n\t\t\t\t\t\t\t<a href=\"https:\/\/opoacademy.com\/wp-content\/uploads\/2023\/11\/REPARTO-A.pdf\">\n\t\t\t\t\t\t<i class=\"fa-arrow-down fa\" style=\"color:#f7b90f;background-color:\"><\/i>\t\t\t\t\t\t\t<\/a>\n\t\t\t\t\t<\/div>\n\t\t<div class=\"qode-item-content\">\n\t\t\t\t<div class=\"qode-showcase-title-holder\">\n\t\t\t\t\t\t\t<a href=\"https:\/\/opoacademy.com\/wp-content\/uploads\/2023\/11\/REPARTO-A.pdf\">\n\t\t\t\t\t\t\t<h4 class=\"qode-showcase-title\">Test Cast and Agent Rating A<\/h4>\n\t\t\t\t\t\t\t<\/a>\n\t\t\t\t\t<\/div>\n\t\t\t<\/div>\n\t<\/div><div class=\"separator  normal\" style=\"margin-top: 15px;margin-bottom: 15px;background-color: #ffbe34;height: 1px;\"><\/div>\n<div class=\"qode-item qode-item-right\">\n\t\t\t<div class=\"qode-item-icon\">\n\t\t\t\t\t\t\t<a href=\"https:\/\/opoacademy.com\/wp-content\/uploads\/2023\/11\/EXAMEN-CORREOS-ATC-B.pdf\">\n\t\t\t\t\t\t<i class=\"fa-arrow-down fa\" style=\"color:#f7b90f;background-color:\"><\/i>\t\t\t\t\t\t\t<\/a>\n\t\t\t\t\t<\/div>\n\t\t<div class=\"qode-item-content\">\n\t\t\t\t<div class=\"qode-showcase-title-holder\">\n\t\t\t\t\t\t\t<a href=\"https:\/\/opoacademy.com\/wp-content\/uploads\/2023\/11\/EXAMEN-CORREOS-ATC-B.pdf\">\n\t\t\t\t\t\t\t<h4 class=\"qode-showcase-title\">Test Cast and Agent Rating B<\/h4>\n\t\t\t\t\t\t\t<\/a>\n\t\t\t\t\t<\/div>\n\t\t\t<\/div>\n\t<\/div><div class=\"separator  normal\" style=\"margin-top: 15px;margin-bottom: 15px;background-color: #ffbe34;height: 1px;\"><\/div>\n<\/div><\/div><\/div><div class='q_elements_item' data-1280-1440='20px 20px 40px 40px' data-1024-1280='20px 20px 40px 40px' data-768-1024='20px 20px 40px 40px' data-600-768='20px 20px 40px 40px' data-480-600='20px 20px 40px 40px' data-480='20px 20px 40px 40px' data-animation='no' data-item-class='q_elements_holder_custom_782574' style='vertical-align:top;'><div class='q_elements_item_inner'><div class='q_elements_item_content q_elements_holder_custom_782574' style='padding:20px 20px 40px 40px'><div class=\"qode-item qode-item-right\">\n\t\t\t<div class=\"qode-item-icon\">\n\t\t\t\t\t\t\t<a href=\"https:\/\/opoacademy.com\/wp-content\/uploads\/2023\/11\/RESPUESTAS-ATC.pdf\">\n\t\t\t\t\t\t<i class=\"fa-arrow-down fa\" style=\"color:#f7b90f;background-color:\"><\/i>\t\t\t\t\t\t\t<\/a>\n\t\t\t\t\t<\/div>\n\t\t<div class=\"qode-item-content\">\n\t\t\t\t<div class=\"qode-showcase-title-holder\">\n\t\t\t\t\t\t\t<a href=\"https:\/\/opoacademy.com\/wp-content\/uploads\/2023\/11\/RESPUESTAS-ATC.pdf\">\n\t\t\t\t\t\t\t<h4 class=\"qode-showcase-title\">Answers - ATC exam<\/h4>\n\t\t\t\t\t\t\t<\/a>\n\t\t\t\t\t<\/div>\n\t\t\t<\/div>\n\t<\/div><div class=\"separator  normal\" style=\"margin-top: 15px;margin-bottom: 15px;background-color: #ffbe34;height: 1px;\"><\/div>\n<div class=\"qode-item qode-item-right\">\n\t\t\t<div class=\"qode-item-icon\">\n\t\t\t\t\t\t\t<a href=\"https:\/\/opoacademy.com\/wp-content\/uploads\/2023\/11\/RESPUESTAS-REPARTO.pdf\">\n\t\t\t\t\t\t<i class=\"fa-arrow-down fa\" style=\"color:#f7b90f;background-color:\"><\/i>\t\t\t\t\t\t\t<\/a>\n\t\t\t\t\t<\/div>\n\t\t<div class=\"qode-item-content\">\n\t\t\t\t<div class=\"qode-showcase-title-holder\">\n\t\t\t\t\t\t\t<a href=\"https:\/\/opoacademy.com\/wp-content\/uploads\/2023\/11\/RESPUESTAS-REPARTO.pdf\">\n\t\t\t\t\t\t\t<h4 class=\"qode-showcase-title\">Answers - tests Cast<\/h4>\n\t\t\t\t\t\t\t<\/a>\n\t\t\t\t\t<\/div>\n\t\t\t<\/div>\n\t<\/div><div class=\"separator  normal\" style=\"margin-top: 15px;margin-bottom: 15px;background-color: #ffbe34;height: 1px;\"><\/div>\n<div class=\"qode-item qode-item-right\">\n\t\t\t<div class=\"qode-item-icon\">\n\t\t\t\t\t\t\t<a href=\"https:\/\/opoacademy.com\/wp-content\/uploads\/2023\/11\/ANULACION-PREGUNTAS-2023.pdf\">\n\t\t\t\t\t\t<i class=\"fa-arrow-down fa\" style=\"color:#f7b90f;background-color:\"><\/i>\t\t\t\t\t\t\t<\/a>\n\t\t\t\t\t<\/div>\n\t\t<div class=\"qode-item-content\">\n\t\t\t\t<div class=\"qode-showcase-title-holder\">\n\t\t\t\t\t\t\t<a href=\"https:\/\/opoacademy.com\/wp-content\/uploads\/2023\/11\/ANULACION-PREGUNTAS-2023.pdf\">\n\t\t\t\t\t\t\t<h4 class=\"qode-showcase-title\">Cancellation Questions 2023<\/h4>\n\t\t\t\t\t\t\t<\/a>\n\t\t\t\t\t<\/div>\n\t\t\t<\/div>\n\t<\/div><div class=\"separator  normal\" style=\"margin-top: 15px;margin-bottom: 15px;background-color: #ffbe34;height: 1px;\"><\/div>\n<\/div><\/div><\/div><\/div><\/div><\/div><\/div><\/div><\/div><\/div>\n<\/section>","protected":false},"excerpt":{"rendered":"OpoAcademy Recursos para Opositores Le oferecemos archivos para ver o descargar, plantillas de ex\u00e1menes y mucho m\u00e1s: Cont\u00e1ctanos\u00a0con cualquier duda o pregunta: Contactar Examen anterior celador con plantilla Aqu\u00ed podr\u00e1s encontrar los ex\u00e1menes anteriores para prepararte mejor la oposici\u00f3n a celador. Examen Celador Libre Examen...","protected":false},"author":2,"featured_media":0,"parent":0,"menu_order":0,"comment_status":"closed","ping_status":"closed","template":"","meta":{"footnotes":""},"class_list":["post-736","page","type-page","status-publish","hentry"],"aioseo_notices":[],"_links":{"self":[{"href":"https:\/\/opoacademy.com\/en\/wp-json\/wp\/v2\/pages\/736","targetHints":{"allow":["GET"]}}],"collection":[{"href":"https:\/\/opoacademy.com\/en\/wp-json\/wp\/v2\/pages"}],"about":[{"href":"https:\/\/opoacademy.com\/en\/wp-json\/wp\/v2\/types\/page"}],"author":[{"embeddable":true,"href":"https:\/\/opoacademy.com\/en\/wp-json\/wp\/v2\/users\/2"}],"replies":[{"embeddable":true,"href":"https:\/\/opoacademy.com\/en\/wp-json\/wp\/v2\/comments?post=736"}],"version-history":[{"count":18,"href":"https:\/\/opoacademy.com\/en\/wp-json\/wp\/v2\/pages\/736\/revisions"}],"predecessor-version":[{"id":954,"href":"https:\/\/opoacademy.com\/en\/wp-json\/wp\/v2\/pages\/736\/revisions\/954"}],"wp:attachment":[{"href":"https:\/\/opoacademy.com\/en\/wp-json\/wp\/v2\/media?parent=736"}],"curies":[{"name":"wp","href":"https:\/\/api.w.org\/{rel}","templated":true}]}}