{"id":672,"date":"2023-10-10T16:54:32","date_gmt":"2023-10-10T16:54:32","guid":{"rendered":"https:\/\/opoacademy.com\/aviso-legal-copy\/"},"modified":"2023-11-21T11:54:22","modified_gmt":"2023-11-21T11:54:22","slug":"politica-de-privacidad","status":"publish","type":"page","link":"https:\/\/opoacademy.com\/en\/politica-de-privacidad\/","title":{"rendered":"Privacy Policy"},"content":{"rendered":"<section class=\"wpb-content-wrapper\"><div      class=\"vc_row wpb_row section vc_row-fluid  vc_custom_1696521591440 grid_section\" style=' text-align:left;'><div class=\"section_inner clearfix\"><div class='section_inner_margin clearfix'><div class=\"wpb_column vc_column_container vc_col-sm-12 vc_col-has-fill\"><div class=\"vc_column-inner vc_custom_1696428844776\"><div class=\"wpb_wrapper\"><div      class=\"vc_row wpb_row section vc_row-fluid vc_inner\" style=' text-align:left;'><div class=\"full_section_inner clearfix\"><div class=\"wpb_column vc_column_container vc_col-sm-6\"><div class=\"vc_column-inner\"><div class=\"wpb_wrapper\"><div class='q_elements_holder one_column responsive_mode_from_768' ><div class='q_elements_item' data-1280-1440='40px 40px 40px 40px' data-1024-1280='40px 40px 40px 40px' data-768-1024='40px 40px 40px 40px' data-600-768='40px 40px 20px 40px' data-480-600='40px 40px 20px 40px' data-480='40px 40px 20px 40px' data-animation='no' data-item-class='q_elements_holder_custom_419985'><div class='q_elements_item_inner'><div class='q_elements_item_content q_elements_holder_custom_419985' style='padding:40px 40px 40px 40px'>\n\t<div class=\"wpb_single_image wpb_content_element vc_align_left\">\n\t\t<div class=\"wpb_wrapper\">\n\t\t\t\n\t\t\t<div class=\"vc_single_image-wrapper   vc_box_border_grey\"><img decoding=\"async\" class=\"vc_single_image-img\" src=\"https:\/\/opoacademy.com\/wp-content\/uploads\/2023\/10\/opoacademy-oposiciones-politica-de-privacidad-ico-70x70.png\" width=\"70\" height=\"70\" alt=\"OpoAcademy, Formaci\u00f3n Online\" title=\"opoacademy-oposiciones-politica-de-privacidad-ico\" \/><\/div>\n\t\t<\/div>\n\t<\/div>\n\t<div class=\"vc_empty_space\"  style=\"height: 20px\" ><span\n\t\t\tclass=\"vc_empty_space_inner\">\n\t\t\t<span class=\"empty_space_image\"  ><\/span>\n\t\t<\/span><\/div>\n\n\n\t<div class=\"wpb_text_column wpb_content_element\">\n\t\t<div class=\"wpb_wrapper\">\n\t\t\t<h1>Privacy Policy<\/h1>\n\n\t\t<\/div> \n\t<\/div> \t<div class=\"vc_empty_space\"  style=\"height: 17px\" ><span\n\t\t\tclass=\"vc_empty_space_inner\">\n\t\t\t<span class=\"empty_space_image\"  ><\/span>\n\t\t<\/span><\/div>\n\n\n\t<div class=\"wpb_text_column wpb_content_element\">\n\t\t<div class=\"wpb_wrapper\">\n\t\t\t<p style=\"font-weight: 400;\">De conformidad con lo establecido en el REGLAMENTO (UE) 2016\/679 de protecci\u00f3n de datos de car\u00e1cter personal y la Ley Org\u00e1nica 3\/2018, de 5 de diciembre, de Protecci\u00f3n de Datos y garant\u00eda de los derechos digitales, le informamos que a trav\u00e9s de este sitio web no se recaban datos de car\u00e1cter personal de los usuarios sin su conocimiento, ni se ceden a terceros.<\/p>\n<p style=\"font-weight: 400;\">La web de la que es titular <strong>OpoAcademy <\/strong>contiene enlaces a sitios webs de terceros, cuyas pol\u00edticas de privacidad son ajenas a las de <strong>OpoAcademy<\/strong><strong>.<\/strong><\/p>\n<p style=\"font-weight: 400;\">Al acceder a tales sitios web usted puede decidir si acepta sus pol\u00edticas de privacidad y de cookies. Con car\u00e1cter general, si navega por internet usted puede aceptar o rechazar las cookies de terceros desde las opciones de configuraci\u00f3n de su navegador.<\/p>\n<p style=\"text-align: left;\"><!-- \/wp:paragraph --><\/p>\n\n\t\t<\/div> \n\t<\/div> \t<div class=\"vc_empty_space\"  style=\"height: 5px\" ><span\n\t\t\tclass=\"vc_empty_space_inner\">\n\t\t\t<span class=\"empty_space_image\"  ><\/span>\n\t\t<\/span><\/div>\n\n\n\t<div class=\"wpb_text_column wpb_content_element\">\n\t\t<div class=\"wpb_wrapper\">\n\t\t\t<h2>Identificaci\u00f3n del responsable del tratamiento.<\/h2>\n\n\t\t<\/div> \n\t<\/div> \t<div class=\"vc_empty_space\"  style=\"height: 5px\" ><span\n\t\t\tclass=\"vc_empty_space_inner\">\n\t\t\t<span class=\"empty_space_image\"  ><\/span>\n\t\t<\/span><\/div>\n\n<div class=\"ordered\"><\/p>\n<ul>\n<li><b>Responsable: <\/b>OpoAcademy<\/li>\n<li><b><b>Persona de contacto: <\/b><\/b>Sandra P\u00e9rez Fern\u00e1ndez<\/li>\n<li><strong><strong>NIF: <\/strong><\/strong>6130292Q<\/li>\n<li><b>E-mail delegado de protecci\u00f3n de datos: <\/b>info@opoacademy.com<\/li>\n<\/ul>\n<p><\/div>\t<div class=\"vc_empty_space\"  style=\"height: 5px\" ><span\n\t\t\tclass=\"vc_empty_space_inner\">\n\t\t\t<span class=\"empty_space_image\"  ><\/span>\n\t\t<\/span><\/div>\n\n\n\t<div class=\"wpb_text_column wpb_content_element\">\n\t\t<div class=\"wpb_wrapper\">\n\t\t\t<h3>Procedencia y categor\u00edas de los datos que tratamos<\/h3>\n\n\t\t<\/div> \n\t<\/div> \t<div class=\"vc_empty_space\"  style=\"height: 17px\" ><span\n\t\t\tclass=\"vc_empty_space_inner\">\n\t\t\t<span class=\"empty_space_image\"  ><\/span>\n\t\t<\/span><\/div>\n\n\n\t<div class=\"wpb_text_column wpb_content_element\">\n\t\t<div class=\"wpb_wrapper\">\n\t\t\t<p style=\"font-weight: 400;\"><u>Procedencia:<\/u>\u00a0Los datos que tratamos proceden directamente del propio interesado y los obtenemos a trav\u00e9s de e-mail, tel\u00e9fono y formularios Web<br \/>\n<u>Las categor\u00edas de datos que tratamos son:<br \/>\nContacto.<\/u>\u00a0Datos identificativos: Nombre, apellidos, Tel\u00e9fono, e-mail, direcci\u00f3n postal, datos.<br \/>\n<u>Im\u00e1gene<\/u>s: fotograf\u00edas publicadas en nuestra web, con el consentimiento.<br \/>\nTrabaja con nosotros: datos C.V<\/p>\n\n\t\t<\/div> \n\t<\/div> \t<div class=\"vc_empty_space\"  style=\"height: 17px\" ><span\n\t\t\tclass=\"vc_empty_space_inner\">\n\t\t\t<span class=\"empty_space_image\"  ><\/span>\n\t\t<\/span><\/div>\n\n\n\t<div class=\"wpb_text_column wpb_content_element\">\n\t\t<div class=\"wpb_wrapper\">\n\t\t\t<h3>Finalidad y legitimaci\u00f3n del tratamiento de sus datos personales<\/h3>\n\n\t\t<\/div> \n\t<\/div> \t<div class=\"vc_empty_space\"  style=\"height: 17px\" ><span\n\t\t\tclass=\"vc_empty_space_inner\">\n\t\t\t<span class=\"empty_space_image\"  ><\/span>\n\t\t<\/span><\/div>\n\n\n\t<div class=\"wpb_text_column wpb_content_element\">\n\t\t<div class=\"wpb_wrapper\">\n\t\t\t<table class=\"alignleft\" style=\"font-weight: 400;\" width=\"100%\">\n<tbody>\n<tr>\n<td>FORMULARIO DE CONTACTO<\/p>\n<p>Contactar con los usuarios a trav\u00e9s de e-mail o tel\u00e9fono para responder a sus consultas, dudas, sugerencias y otras peticiones que nos realicen, y responder a su solicitud de informaci\u00f3n y\/o presupuesto sobre nuestros servicios.<\/td>\n<td width=\"378\">Art 6.1b) del RGPD.\u00a0 El tratamiento de los datos es necesario para aplicar medidas precontractuales a petici\u00f3n del interesado.<\/td>\n<\/tr>\n<tr>\n<td>FORMULARIO TRABAJA CON NOSTROS \u2013 Recepci\u00f3n y gesti\u00f3n de los Curriculums Vitae<\/p>\n<p>llevar a cabo los procesos abiertos de selecci\u00f3n de personal y el archivo de los curriculum vitae recibidos con el objeto de concertar, en un futuro, las entrevistas de trabajo para cubrir las vacantes que se ajuste al perfil de los aspirantes.<\/td>\n<td width=\"378\">Art 6.1b) del RGPD.\u00a0 El tratamiento de los datos es necesario para aplicar medidas precontractuales a petici\u00f3n del interesado.<\/p>\n<p>&nbsp;<\/p>\n<p>Art. 6.1 a) RGPD El interesado dio su consentimiento para este fin espec\u00edfico: el consentimiento prestado para la conservaci\u00f3n de los curriculums vitae para futuros procesos de selecci\u00f3n de personal.<\/td>\n<\/tr>\n<tr>\n<td>FOTOGRAF\u00cdAS Y VIDEOS EN LA WEB<\/p>\n<p>El tratamiento de im\u00e1genes para publicarlas en nuestra p\u00e1gina Web y en nuestros perfiles en Redes Sociales con fines publicitarios.<\/td>\n<td>Art. 6.1 a) RGPD El interesado dio su consentimiento para este fin espec\u00edfico.<\/td>\n<\/tr>\n<tr>\n<td width=\"293\">ENVIOS PUBLICITARIOS Y COMUNICACIONES<\/p>\n<p>El env\u00edo de informaci\u00f3n publicitaria y comunicaciones relacionadas con nuestras actividades a trav\u00e9s de e-mail, tel\u00e9fono y correo postal.<\/td>\n<td>Art. 6.1 a) RGPD El interesado dio su consentimiento para este fin espec\u00edfico.<\/td>\n<\/tr>\n<\/tbody>\n<\/table>\n\n\t\t<\/div> \n\t<\/div> <\/div><\/div><\/div><\/div><\/div><\/div><\/div><div class=\"wpb_column vc_column_container vc_col-sm-6\"><div class=\"vc_column-inner\"><div class=\"wpb_wrapper\"><div class='q_elements_holder one_column responsive_mode_from_768' ><div class='q_elements_item' data-1280-1440='146px 40px 40px 40px' data-1024-1280='146px 40px 40px 40px' data-768-1024='146px 40px 40px 40px' data-600-768='146px 40px 40px 40px' data-480-600='0px 40px 40px 40px' data-480='0px 40px 40px 40px' data-animation='no' data-item-class='q_elements_holder_custom_278820'><div class='q_elements_item_inner'><div class='q_elements_item_content q_elements_holder_custom_278820' style='padding:146px 40px 40px 40px'>\n\t<div class=\"wpb_text_column wpb_content_element\">\n\t\t<div class=\"wpb_wrapper\">\n\t\t\t<h3>Conservaci\u00f3n de sus datos personales<\/h3>\n\n\t\t<\/div> \n\t<\/div> \t<div class=\"vc_empty_space\"  style=\"height: 17px\" ><span\n\t\t\tclass=\"vc_empty_space_inner\">\n\t\t\t<span class=\"empty_space_image\"  ><\/span>\n\t\t<\/span><\/div>\n\n\n\t<div class=\"wpb_text_column wpb_content_element\">\n\t\t<div class=\"wpb_wrapper\">\n\t\t\t<p style=\"font-weight: 400;\">Sus datos ser\u00e1n conservados durante los plazos legalmente establecidos en funci\u00f3n de los fines para los que fueron obtenidos, seg\u00fan detallamos a continuaci\u00f3n:<\/p>\n<p style=\"font-weight: 400;\"><u>Adopci\u00f3n de medidas precontractuales:<\/u>\u00a0Cuando el tratamiento de sus datos est\u00e9 basado en la aplicaci\u00f3n de medidas precontractuales para atender su petici\u00f3n de informaci\u00f3n y\/o presupuesto, sus datos ser\u00e1n conservados por un per\u00edodo m\u00e1ximo de un a\u00f1o desde que fueron obtenidos. Transcurrido este plazo, sus datos ser\u00e1n totalmente eliminados de nuestros sistemas de informaci\u00f3n.<\/p>\n<p style=\"font-weight: 400;\"><u>Su consentimiento prestado:<\/u>\u00a0Cuando le solicitemos su consentimiento para el tratamiento de sus datos personales, conservaremos sus datos durante el tiempo estrictamente necesario para cumplir con los fines para los que obtuvimos su consentimiento, hasta que dejen de ser necesarios para dichos fines o, en su defecto, hasta que usted decida retirar su consentimiento prestado.<\/p>\n\n\t\t<\/div> \n\t<\/div> \t<div class=\"vc_empty_space\"  style=\"height: 17px\" ><span\n\t\t\tclass=\"vc_empty_space_inner\">\n\t\t\t<span class=\"empty_space_image\"  ><\/span>\n\t\t<\/span><\/div>\n\n\n\t<div class=\"wpb_text_column wpb_content_element\">\n\t\t<div class=\"wpb_wrapper\">\n\t\t\t<h3>Comunicaci\u00f3n de sus datos a terceros<\/h3>\n\n\t\t<\/div> \n\t<\/div> \t<div class=\"vc_empty_space\"  style=\"height: 17px\" ><span\n\t\t\tclass=\"vc_empty_space_inner\">\n\t\t\t<span class=\"empty_space_image\"  ><\/span>\n\t\t<\/span><\/div>\n\n\n\t<div class=\"wpb_text_column wpb_content_element\">\n\t\t<div class=\"wpb_wrapper\">\n\t\t\t<p style=\"font-weight: 400;\">No comunicamos sus datos personales a terceros, salvo obligaci\u00f3n legal aplicable a nuestra entidad. No obstante, le informamos que sus datos podr\u00edan ser tratados por profesionales externos que nos prestan servicios auxiliares necesarios para el desempe\u00f1o de nuestra actividad profesional, como, por ejemplo: asesor\u00eda laboral, proveedor que nos suministra el alojamiento de datos en servidores externos (hospedaje de la web), asistencia t\u00e9cnica inform\u00e1tica, etc.<\/p>\n\n\t\t<\/div> \n\t<\/div> \t<div class=\"vc_empty_space\"  style=\"height: 17px\" ><span\n\t\t\tclass=\"vc_empty_space_inner\">\n\t\t\t<span class=\"empty_space_image\"  ><\/span>\n\t\t<\/span><\/div>\n\n\n\t<div class=\"wpb_text_column wpb_content_element\">\n\t\t<div class=\"wpb_wrapper\">\n\t\t\t<h3>Transferencias Internacionales de datos<\/h3>\n\n\t\t<\/div> \n\t<\/div> \t<div class=\"vc_empty_space\"  style=\"height: 17px\" ><span\n\t\t\tclass=\"vc_empty_space_inner\">\n\t\t\t<span class=\"empty_space_image\"  ><\/span>\n\t\t<\/span><\/div>\n\n\n\t<div class=\"wpb_text_column wpb_content_element\">\n\t\t<div class=\"wpb_wrapper\">\n\t\t\t<p style=\"font-weight: 400;\">No realizamos transferencias de sus datos personales a pa\u00edses que no pertenecen al Espacio Econ\u00f3mico Europeo (UE, Islandia, Liechtenstein y Noruega), no tampoco a organizaciones internacionales.<\/p>\n\n\t\t<\/div> \n\t<\/div> \t<div class=\"vc_empty_space\"  style=\"height: 17px\" ><span\n\t\t\tclass=\"vc_empty_space_inner\">\n\t\t\t<span class=\"empty_space_image\"  ><\/span>\n\t\t<\/span><\/div>\n\n\n\t<div class=\"wpb_text_column wpb_content_element\">\n\t\t<div class=\"wpb_wrapper\">\n\t\t\t<h2>Sus derechos en protecci\u00f3n de datos<\/h2>\n\n\t\t<\/div> \n\t<\/div> \t<div class=\"vc_empty_space\"  style=\"height: 17px\" ><span\n\t\t\tclass=\"vc_empty_space_inner\">\n\t\t\t<span class=\"empty_space_image\"  ><\/span>\n\t\t<\/span><\/div>\n\n\n\t<div class=\"wpb_text_column wpb_content_element\">\n\t\t<div class=\"wpb_wrapper\">\n\t\t\t<p style=\"font-weight: 400;\">Derecho a solicitar el acceso a sus datos personales.<\/p>\n<p style=\"font-weight: 400;\">Derecho a solicitar su rectificaci\u00f3n o supresi\u00f3n.<\/p>\n<p style=\"font-weight: 400;\">Derecho a solicitar la limitaci\u00f3n de su tratamiento.<\/p>\n<p style=\"font-weight: 400;\">Derecho a oponerse al tratamiento.<\/p>\n<p style=\"font-weight: 400;\">Derecho a la portabilidad de los datos.<\/p>\n<p style=\"font-weight: 400;\">Derecho a retirar el consentimiento prestado.<\/p>\n<p style=\"font-weight: 400;\">Cualquier persona tiene derecho a obtener confirmaci\u00f3n sobre si en <strong>OpoAcademy<\/strong><strong>\u00a0<\/strong>estamos tratando datos personales que le conciernan o no. Usted tiene derecho a acceder a sus datos personales, as\u00ed como a solicitar la rectificaci\u00f3n de los datos inexactos o, en su caso, solicitar su supresi\u00f3n cuando, entre otros motivos, los datos ya no sean necesarios para los fines que fueron recogidos.<\/p>\n<p style=\"font-weight: 400;\">En determinadas circunstancias, usted podr\u00e1 solicitar la limitaci\u00f3n del tratamiento de sus datos, en cuyo caso \u00fanicamente los conservaremos para el ejercicio o la defensa de reclamaciones. Asimismo, en los supuestos legalmente establecidos, tendr\u00e1 derecho a la portabilidad de sus datos personales.<\/p>\n<p style=\"font-weight: 400;\">En determinadas circunstancias y por motivos relacionados con su situaci\u00f3n particular, usted podr\u00e1 oponerse al tratamiento de sus datos. En este caso, <strong>OpoAcademy<\/strong><strong>\u00a0<\/strong>dejar\u00e1 de tratar sus datos, salvo que existan motivos leg\u00edtimos imperiosos o para la formulaci\u00f3n, el ejercicio y la defensa de posibles reclamaciones.<\/p>\n<p style=\"font-weight: 400;\">Tiene derecho a retirar el consentimiento prestado en cualquier momento, sin que ello afecte a la licitud del tratamiento basado en el consentimiento previo a su retirada.<\/p>\n<p style=\"font-weight: 400;\">Puede oponerse al tratamiento de sus datos con fines comerciales y publicitarios enviando un e-mail a\u00a0<a href=\"mailto:info@opoacademy.com\">info@opoacademy.com<\/a><\/p>\n<p style=\"font-weight: 400;\">Podr\u00e1 ejercitar materialmente sus derechos enviando una carta por v\u00eda postal o un correo electr\u00f3nico a nuestro DPD<\/p>\n<p style=\"font-weight: 400;\"><a href=\"mailto:info@opoacademy.com\">info@opoacademy.com<\/a><\/p>\n<p style=\"font-weight: 400;\">En caso de que sienta vulnerados sus derechos en lo concerniente a la protecci\u00f3n de sus datos personales, especialmente cuando no haya obtenido satisfacci\u00f3n en el ejercicio de sus derechos, puede presentar una reclamaci\u00f3n ante la Agencia Espa\u00f1ola de Protecci\u00f3n de Datos a trav\u00e9s de su sitio web:\u00a0<a href=\"http:\/\/www.agpd.es\/\">www.agpd.es<\/a><\/p>\n\n\t\t<\/div> \n\t<\/div> \t<div class=\"vc_empty_space\"  style=\"height: 17px\" ><span\n\t\t\tclass=\"vc_empty_space_inner\">\n\t\t\t<span class=\"empty_space_image\"  ><\/span>\n\t\t<\/span><\/div>\n\n<\/div><\/div><\/div><\/div><\/div><\/div><\/div><\/div><\/div><\/div><\/div><\/div><\/div><\/div><\/div>\n<\/section>","protected":false},"excerpt":{"rendered":"Pol\u00edtica de Privacidad De conformidad con lo establecido en el REGLAMENTO (UE) 2016\/679 de protecci\u00f3n de datos de car\u00e1cter personal y la Ley Org\u00e1nica 3\/2018, de 5 de diciembre, de Protecci\u00f3n de Datos y garant\u00eda de los derechos digitales, le informamos que a trav\u00e9s de...","protected":false},"author":2,"featured_media":0,"parent":0,"menu_order":0,"comment_status":"closed","ping_status":"closed","template":"","meta":{"footnotes":""},"class_list":["post-672","page","type-page","status-publish","hentry"],"aioseo_notices":[],"_links":{"self":[{"href":"https:\/\/opoacademy.com\/en\/wp-json\/wp\/v2\/pages\/672","targetHints":{"allow":["GET"]}}],"collection":[{"href":"https:\/\/opoacademy.com\/en\/wp-json\/wp\/v2\/pages"}],"about":[{"href":"https:\/\/opoacademy.com\/en\/wp-json\/wp\/v2\/types\/page"}],"author":[{"embeddable":true,"href":"https:\/\/opoacademy.com\/en\/wp-json\/wp\/v2\/users\/2"}],"replies":[{"embeddable":true,"href":"https:\/\/opoacademy.com\/en\/wp-json\/wp\/v2\/comments?post=672"}],"version-history":[{"count":12,"href":"https:\/\/opoacademy.com\/en\/wp-json\/wp\/v2\/pages\/672\/revisions"}],"predecessor-version":[{"id":978,"href":"https:\/\/opoacademy.com\/en\/wp-json\/wp\/v2\/pages\/672\/revisions\/978"}],"wp:attachment":[{"href":"https:\/\/opoacademy.com\/en\/wp-json\/wp\/v2\/media?parent=672"}],"curies":[{"name":"wp","href":"https:\/\/api.w.org\/{rel}","templated":true}]}}