{"id":2,"date":"2023-08-11T15:20:08","date_gmt":"2023-08-11T15:20:08","guid":{"rendered":"https:\/\/opoacademy.com\/?page_id=2"},"modified":"2025-04-14T12:59:38","modified_gmt":"2025-04-14T12:59:38","slug":"faqs","status":"publish","type":"page","link":"https:\/\/opoacademy.com\/en\/faqs\/","title":{"rendered":"FAQS"},"content":{"rendered":"<section class=\"wpb-content-wrapper\"><div      class=\"vc_row wpb_row section vc_row-fluid  vc_custom_1696521591440 grid_section\" style=' text-align:left;'><div class=\"section_inner clearfix\"><div class='section_inner_margin clearfix'><div class=\"wpb_column vc_column_container vc_col-sm-12 vc_col-has-fill\"><div class=\"vc_column-inner vc_custom_1696428844776\"><div class=\"wpb_wrapper\"><div      class=\"vc_row wpb_row section vc_row-fluid vc_inner\" style=' text-align:left;'><div class=\"full_section_inner clearfix\"><div class=\"wpb_column vc_column_container vc_col-sm-6\"><div class=\"vc_column-inner\"><div class=\"wpb_wrapper\"><div class='q_elements_holder one_column responsive_mode_from_768' ><div class='q_elements_item' data-1280-1440='40px 0px 60px 60px' data-1024-1280='40px 0px 60px 60px' data-768-1024='30px 30px 80px 30px' data-600-768='20px 20px 80px 20px' data-480-600='20px 20px 80px 20px' data-480='20px 20px 90px 20px' data-animation='no' data-item-class='q_elements_holder_custom_307650'><div class='q_elements_item_inner'><div class='q_elements_item_content q_elements_holder_custom_307650' style='padding:40px 0px 60px 60px'>\n\t<div class=\"wpb_single_image wpb_content_element vc_align_left\">\n\t\t<div class=\"wpb_wrapper\">\n\t\t\t\n\t\t\t<div class=\"vc_single_image-wrapper   vc_box_border_grey\"><img decoding=\"async\" class=\"vc_single_image-img\" src=\"https:\/\/opoacademy.com\/wp-content\/uploads\/2023\/10\/opoacademy-oposiciones-faqs-ico-70x70.png\" width=\"70\" height=\"70\" alt=\"OpoAcademy, Formaci\u00f3n Online\" title=\"opoacademy-oposiciones-faqs-ico\" \/><\/div>\n\t\t<\/div>\n\t<\/div>\n\t<div class=\"vc_empty_space\"  style=\"height: 20px\" ><span\n\t\t\tclass=\"vc_empty_space_inner\">\n\t\t\t<span class=\"empty_space_image\"  ><\/span>\n\t\t<\/span><\/div>\n\n\n\t<div class=\"wpb_text_column wpb_content_element\">\n\t\t<div class=\"wpb_wrapper\">\n\t\t\t<h1>FAQs<\/h1>\n\n\t\t<\/div> \n\t<\/div> \t<div class=\"vc_empty_space\"  style=\"height: 17px\" ><span\n\t\t\tclass=\"vc_empty_space_inner\">\n\t\t\t<span class=\"empty_space_image\"  ><\/span>\n\t\t<\/span><\/div>\n\n\n\t<div class=\"wpb_text_column wpb_content_element\">\n\t\t<div class=\"wpb_wrapper\">\n\t\t\t<p>Here you will find the steps to sign up for any of our courses, as well as questions about the operation of our campus, how to contact in case of an incident, etc.<\/p>\n<p style=\"text-align: left;\"><!-- \/wp:paragraph --><\/p>\n\n\t\t<\/div> \n\t<\/div> \t<div class=\"vc_empty_space\"  style=\"height: 17px\" ><span\n\t\t\tclass=\"vc_empty_space_inner\">\n\t\t\t<span class=\"empty_space_image\"  ><\/span>\n\t\t<\/span><\/div>\n\n\n\t<div class=\"wpb_text_column wpb_content_element\">\n\t\t<div class=\"wpb_wrapper\">\n\t\t\t<h4 style=\"text-align: left;\">We have created <strong>OpoAcademy<\/strong> to give our students adapted training. Here the student will be able to create his\/her own study rhythm.<\/h4>\n<p style=\"text-align: left;\"><!-- \/wp:paragraph --><\/p>\n\n\t\t<\/div> \n\t<\/div> \t<div class=\"vc_empty_space\"  style=\"height: 17px\" ><span\n\t\t\tclass=\"vc_empty_space_inner\">\n\t\t\t<span class=\"empty_space_image\"  ><\/span>\n\t\t<\/span><\/div>\n\n<a  itemprop=\"url\" href=\"https:\/\/opoacademy.com\/contactar\/\" target=\"_self\"  class=\"qbutton  default\" style=\"font-style: normal; \">Contact us<\/a><\/div><\/div><\/div><\/div>\t<div class=\"vc_empty_space\"  style=\"height: 25px\" ><span\n\t\t\tclass=\"vc_empty_space_inner\">\n\t\t\t<span class=\"empty_space_image\"  ><\/span>\n\t\t<\/span><\/div>\n\n<\/div><\/div><\/div><div class=\"wpb_column vc_column_container vc_col-sm-6\"><div class=\"vc_column-inner vc_custom_1700648706190\"><div class=\"wpb_wrapper\">\n\t<div class=\"wpb_single_image wpb_content_element vc_align_right  vc_custom_1696952480877 element_from_right\">\n\t\t<div class=\"wpb_wrapper\">\n\t\t\t\n\t\t\t<div class=\"vc_single_image-wrapper vc_box_rounded  vc_box_border_grey\"><img fetchpriority=\"high\" decoding=\"async\" width=\"2500\" height=\"2500\" src=\"https:\/\/opoacademy.com\/wp-content\/uploads\/2023\/10\/opoacademy-oposiciones-faqs-cuadrada.webp\" class=\"vc_single_image-img attachment-full\" alt=\"Preguntas preparaci\u00f3n de oposiciones\" title=\"opoacademy-oposiciones-faqs-cuadrada\" srcset=\"https:\/\/opoacademy.com\/wp-content\/uploads\/2023\/10\/opoacademy-oposiciones-faqs-cuadrada.webp 2500w, https:\/\/opoacademy.com\/wp-content\/uploads\/2023\/10\/opoacademy-oposiciones-faqs-cuadrada-300x300.webp 300w, https:\/\/opoacademy.com\/wp-content\/uploads\/2023\/10\/opoacademy-oposiciones-faqs-cuadrada-1024x1024.webp 1024w, https:\/\/opoacademy.com\/wp-content\/uploads\/2023\/10\/opoacademy-oposiciones-faqs-cuadrada-150x150.webp 150w, https:\/\/opoacademy.com\/wp-content\/uploads\/2023\/10\/opoacademy-oposiciones-faqs-cuadrada-768x768.webp 768w, https:\/\/opoacademy.com\/wp-content\/uploads\/2023\/10\/opoacademy-oposiciones-faqs-cuadrada-1536x1536.webp 1536w, https:\/\/opoacademy.com\/wp-content\/uploads\/2023\/10\/opoacademy-oposiciones-faqs-cuadrada-2048x2048.webp 2048w, https:\/\/opoacademy.com\/wp-content\/uploads\/2023\/10\/opoacademy-oposiciones-faqs-cuadrada-570x570.webp 570w, https:\/\/opoacademy.com\/wp-content\/uploads\/2023\/10\/opoacademy-oposiciones-faqs-cuadrada-500x500.webp 500w, https:\/\/opoacademy.com\/wp-content\/uploads\/2023\/10\/opoacademy-oposiciones-faqs-cuadrada-1000x1000.webp 1000w, https:\/\/opoacademy.com\/wp-content\/uploads\/2023\/10\/opoacademy-oposiciones-faqs-cuadrada-700x700.webp 700w, https:\/\/opoacademy.com\/wp-content\/uploads\/2023\/10\/opoacademy-oposiciones-faqs-cuadrada-650x650.webp 650w, https:\/\/opoacademy.com\/wp-content\/uploads\/2023\/10\/opoacademy-oposiciones-faqs-cuadrada-1300x1300.webp 1300w\" sizes=\"(max-width: 2500px) 100vw, 2500px\" \/><\/div>\n\t\t<\/div>\n\t<\/div>\n<\/div><\/div><\/div><\/div><\/div><\/div><\/div><\/div><\/div><\/div><\/div><div      class=\"vc_row wpb_row section vc_row-fluid  vc_custom_1696260291692 grid_section\" style=' text-align:left;'><div class=\"section_inner clearfix\"><div class='section_inner_margin clearfix'><div class=\"wpb_column vc_column_container vc_col-sm-6\"><div class=\"vc_column-inner\"><div class=\"wpb_wrapper\"><div class=\"qode-accordion-holder clearfix qode-accordion qode-initial\">\n\t<h3 class=\"clearfix qode-title-holder\">\n<span class=\"qode-tab-title\">\n\t    <span class=\"qode-tab-title-inner\">\n        How do we make this possible?    <\/span>\n<\/span>\n<span class=\"qode-accordion-mark\">\n    <span class=\"qode-accordion-mark-icon\">\n        <span class=\"icon_plus\"><\/span>\n        <span class=\"icon_minus-06\"><\/span>\n    <\/span>\n<\/span>\n<\/h3>\n<div  class=\"qode-accordion-content\" >\n    <div class=\"qode-accordion-content-inner\">\n        \n\t<div class=\"wpb_text_column wpb_content_element\">\n\t\t<div class=\"wpb_wrapper\">\n\t\t\t<p>We offer online training. You will be able to adapt the study to your pace of life.<\/p>\n\n\t\t<\/div> \n\t<\/div>     <\/div>\n<\/div><h3 class=\"clearfix qode-title-holder\">\n<span class=\"qode-tab-title\">\n\t    <span class=\"qode-tab-title-inner\">\n        What preparatory courses do we offer?    <\/span>\n<\/span>\n<span class=\"qode-accordion-mark\">\n    <span class=\"qode-accordion-mark-icon\">\n        <span class=\"icon_plus\"><\/span>\n        <span class=\"icon_minus-06\"><\/span>\n    <\/span>\n<\/span>\n<\/h3>\n<div  class=\"qode-accordion-content\" >\n    <div class=\"qode-accordion-content-inner\">\n        \n\t<div class=\"wpb_text_column wpb_content_element\">\n\t\t<div class=\"wpb_wrapper\">\n\t\t\t<p>We have recently started this project with great enthusiasm so, <a title=\"OpoAcademy\" href=\"https:\/\/opoacademy.com\/\"><strong>OpoAcademy<\/strong><\/a>, will progressively offer more training. At the moment, we are preparing: exams for Gardian in the Extremadura Health Service, exams for Correos staff (Post Office in Spain) and the Spanish Constitution course. If you want to know more about these, click on the \u201cPublic Exams\u201d tab. Also remember that if you have any questions you can contact us from the form on the home page or by sending an email to <a href=\"mailto:info@opoacademy.com\">info@opoacademy.com<\/a>.<\/p>\n\n\t\t<\/div> \n\t<\/div>     <\/div>\n<\/div><\/div>\t<div class=\"vc_empty_space\"  style=\"height: 50px\" ><span\n\t\t\tclass=\"vc_empty_space_inner\">\n\t\t\t<span class=\"empty_space_image\"  ><\/span>\n\t\t<\/span><\/div>\n\n\n\t<div class=\"wpb_text_column wpb_content_element\">\n\t\t<div class=\"wpb_wrapper\">\n\t\t\t<h2>Course of the Extremaduran Health Service Guardian:<\/h2>\n\n\t\t<\/div> \n\t<\/div> \t<div class=\"vc_empty_space\"  style=\"height: 20px\" ><span\n\t\t\tclass=\"vc_empty_space_inner\">\n\t\t\t<span class=\"empty_space_image\"  ><\/span>\n\t\t<\/span><\/div>\n\n<div class=\"qode-accordion-holder clearfix qode-toggle qode-initial\">\n\t<h3 class=\"clearfix qode-title-holder\">\n<span class=\"qode-tab-title\">\n\t    <span class=\"qode-tab-title-inner\">\n        How does the course preparation work?    <\/span>\n<\/span>\n<span class=\"qode-accordion-mark\">\n    <span class=\"qode-accordion-mark-icon\">\n        <span class=\"icon_plus\"><\/span>\n        <span class=\"icon_minus-06\"><\/span>\n    <\/span>\n<\/span>\n<\/h3>\n<div  class=\"qode-accordion-content\" >\n    <div class=\"qode-accordion-content-inner\">\n        \n\t<div class=\"wpb_text_column wpb_content_element\">\n\t\t<div class=\"wpb_wrapper\">\n\t\t\t<p>With this course you will be able to complete your preparation for the part of the SES Guardian Public Exam phase. The course consists of two different parts: the common part and the specific part of the syllabus. In each of the parts you will find explanatory video classes on each topic, topic-based tests, complete tests, outlines and simulations for the exam. Therefore, we will have two blocks, block I consisting of common subjects according to the bases (legislation topics) and block II composed of specific subjects (guardian topics).<\/p>\n\n\t\t<\/div> \n\t<\/div>     <\/div>\n<\/div><h3 class=\"clearfix qode-title-holder\">\n<span class=\"qode-tab-title\">\n\t    <span class=\"qode-tab-title-inner\">\n        \u00bfHow much it cost the Health Service Guardian exam preparation course?    <\/span>\n<\/span>\n<span class=\"qode-accordion-mark\">\n    <span class=\"qode-accordion-mark-icon\">\n        <span class=\"icon_plus\"><\/span>\n        <span class=\"icon_minus-06\"><\/span>\n    <\/span>\n<\/span>\n<\/h3>\n<div  class=\"qode-accordion-content\" >\n    <div class=\"qode-accordion-content-inner\">\n        \n\t<div class=\"wpb_text_column wpb_content_element\">\n\t\t<div class=\"wpb_wrapper\">\n\t\t\t<p>When registering you will have to select the desired block (block I for common subjects or block II for specific subjects). We offer it to you in this way so that the initial outlay is not so large, we know the great effort you make daily and this is a way to facilitate preparation.<\/p>\n<p>Once you finish studying an entire block or when you think you are ready to increase the pace of study, you will have to enroll in the other preparation block, if you wish. It is not mandatory to go one by one, if you feel prepared to face the study of both blocks you can enroll in both.<\/p>\n<p>The price of each block preparation is as follows:<\/p>\n<ul>\n<li>Block I (Common subjects): \u20ac250.<\/li>\n<li>Block II (Specific subjects): \u20ac450.<\/li>\n<\/ul>\n\n\t\t<\/div> \n\t<\/div>     <\/div>\n<\/div><\/div>\t<div class=\"vc_empty_space\"  style=\"height: 50px\" ><span\n\t\t\tclass=\"vc_empty_space_inner\">\n\t\t\t<span class=\"empty_space_image\"  ><\/span>\n\t\t<\/span><\/div>\n\n\n\t<div class=\"wpb_text_column wpb_content_element\">\n\t\t<div class=\"wpb_wrapper\">\n\t\t\t<h2>Post Office (Correos) Labor Personal Course:<\/h2>\n\n\t\t<\/div> \n\t<\/div> \t<div class=\"vc_empty_space\"  style=\"height: 20px\" ><span\n\t\t\tclass=\"vc_empty_space_inner\">\n\t\t\t<span class=\"empty_space_image\"  ><\/span>\n\t\t<\/span><\/div>\n\n<div class=\"qode-accordion-holder clearfix qode-toggle qode-initial\">\n\t<h3 class=\"clearfix qode-title-holder\">\n<span class=\"qode-tab-title\">\n\t    <span class=\"qode-tab-title-inner\">\n        What can I find in the Post Office Labor Personnel preparation course?    <\/span>\n<\/span>\n<span class=\"qode-accordion-mark\">\n    <span class=\"qode-accordion-mark-icon\">\n        <span class=\"icon_plus\"><\/span>\n        <span class=\"icon_minus-06\"><\/span>\n    <\/span>\n<\/span>\n<\/h3>\n<div  class=\"qode-accordion-content\" >\n    <div class=\"qode-accordion-content-inner\">\n        \n\t<div class=\"wpb_text_column wpb_content_element\">\n\t\t<div class=\"wpb_wrapper\">\n\t\t\t<p>The course consists of 4 blocks. In each block you will find access to 3 topics. The content of each topic is made up of: its own downloadable syllabus, test of each topic, Powerpoint of the topic, recording with the explanation of the topic, diagrams and psychotechnical. You will be able to access as many times as necessary to view the explanation of the topic and perform the tests.<\/p>\n\n\t\t<\/div> \n\t<\/div>     <\/div>\n<\/div><h3 class=\"clearfix qode-title-holder\">\n<span class=\"qode-tab-title\">\n\t    <span class=\"qode-tab-title-inner\">\n        How much does the CORREOS Labor Personnel course training cost?    <\/span>\n<\/span>\n<span class=\"qode-accordion-mark\">\n    <span class=\"qode-accordion-mark-icon\">\n        <span class=\"icon_plus\"><\/span>\n        <span class=\"icon_minus-06\"><\/span>\n    <\/span>\n<\/span>\n<\/h3>\n<div  class=\"qode-accordion-content\" >\n    <div class=\"qode-accordion-content-inner\">\n        \n\t<div class=\"wpb_text_column wpb_content_element\">\n\t\t<div class=\"wpb_wrapper\">\n\t\t\t<p>Each block has a value of \u20ac150. This way you won't have to spend a large amount of money at the beginning. You can continue with the following blocks once the first one is finished or choose more than one block from the beginning. In <a title=\"OpoAcademy\" href=\"https:\/\/opoacademy.com\/\"><strong>OpoAcademy<\/strong><\/a>, it is you who sets the pace of study.<\/p>\n\n\t\t<\/div> \n\t<\/div>     <\/div>\n<\/div><\/div>\t<div class=\"vc_empty_space\"  style=\"height: 50px\" ><span\n\t\t\tclass=\"vc_empty_space_inner\">\n\t\t\t<span class=\"empty_space_image\"  ><\/span>\n\t\t<\/span><\/div>\n\n\n\t<div class=\"wpb_text_column wpb_content_element\">\n\t\t<div class=\"wpb_wrapper\">\n\t\t\t<h2>Correos Tests Course:<\/h2>\n\n\t\t<\/div> \n\t<\/div> \t<div class=\"vc_empty_space\"  style=\"height: 20px\" ><span\n\t\t\tclass=\"vc_empty_space_inner\">\n\t\t\t<span class=\"empty_space_image\"  ><\/span>\n\t\t<\/span><\/div>\n\n<div class=\"qode-accordion-holder clearfix qode-toggle qode-initial\">\n\t<h3 class=\"clearfix qode-title-holder\">\n<span class=\"qode-tab-title\">\n\t    <span class=\"qode-tab-title-inner\">\n        How much does the Test Correos course cost?    <\/span>\n<\/span>\n<span class=\"qode-accordion-mark\">\n    <span class=\"qode-accordion-mark-icon\">\n        <span class=\"icon_plus\"><\/span>\n        <span class=\"icon_minus-06\"><\/span>\n    <\/span>\n<\/span>\n<\/h3>\n<div  class=\"qode-accordion-content\" >\n    <div class=\"qode-accordion-content-inner\">\n        \n\t<div class=\"wpb_text_column wpb_content_element\">\n\t\t<div class=\"wpb_wrapper\">\n\t\t\t<p>The price of the course is 30 euros and you can access it for a period of 6 months.<\/p>\n\n\t\t<\/div> \n\t<\/div> \t<div class=\"vc_empty_space\"  style=\"height: 20px\" ><span\n\t\t\tclass=\"vc_empty_space_inner\">\n\t\t\t<span class=\"empty_space_image\"  ><\/span>\n\t\t<\/span><\/div>\n\n    <\/div>\n<\/div><\/div><\/div><\/div><\/div><div class=\"wpb_column vc_column_container vc_col-sm-6\"><div class=\"vc_column-inner\"><div class=\"wpb_wrapper\">\n\t<div class=\"wpb_text_column wpb_content_element\">\n\t\t<div class=\"wpb_wrapper\">\n\t\t\t<h2>Spanish Constitution Course:<\/h2>\n\n\t\t<\/div> \n\t<\/div> \t<div class=\"vc_empty_space\"  style=\"height: 20px\" ><span\n\t\t\tclass=\"vc_empty_space_inner\">\n\t\t\t<span class=\"empty_space_image\"  ><\/span>\n\t\t<\/span><\/div>\n\n<div class=\"qode-accordion-holder clearfix qode-toggle qode-initial\">\n\t<h3 class=\"clearfix qode-title-holder\">\n<span class=\"qode-tab-title\">\n\t    <span class=\"qode-tab-title-inner\">\n        How does the SPANISH CONSTITUTION course work?    <\/span>\n<\/span>\n<span class=\"qode-accordion-mark\">\n    <span class=\"qode-accordion-mark-icon\">\n        <span class=\"icon_plus\"><\/span>\n        <span class=\"icon_minus-06\"><\/span>\n    <\/span>\n<\/span>\n<\/h3>\n<div  class=\"qode-accordion-content\" >\n    <div class=\"qode-accordion-content-inner\">\n        \n\t<div class=\"wpb_text_column wpb_content_element\">\n\t\t<div class=\"wpb_wrapper\">\n\t\t\t<p>The EC is a transversal issue that enters into most of the State, autonomous and local community competitions. With this course you will be able to prepare the Constitution at your own pace. It is designed for both beginners and advanced opponents as a review.<\/p>\n<p>The course consists of recorded explanatory videos (introduction to CE, Preliminary Title and Titles I to X), random and complete tests and outlines.<\/p>\n\n\t\t<\/div> \n\t<\/div>     <\/div>\n<\/div><h3 class=\"clearfix qode-title-holder\">\n<span class=\"qode-tab-title\">\n\t    <span class=\"qode-tab-title-inner\">\n        How much does the SPANISH CONSTITUTION course training cost?    <\/span>\n<\/span>\n<span class=\"qode-accordion-mark\">\n    <span class=\"qode-accordion-mark-icon\">\n        <span class=\"icon_plus\"><\/span>\n        <span class=\"icon_minus-06\"><\/span>\n    <\/span>\n<\/span>\n<\/h3>\n<div  class=\"qode-accordion-content\" >\n    <div class=\"qode-accordion-content-inner\">\n        \n\t<div class=\"wpb_text_column wpb_content_element\">\n\t\t<div class=\"wpb_wrapper\">\n\t\t\t<p>The Spanish Constitution training course has a value of \u20ac100.<\/p>\n\n\t\t<\/div> \n\t<\/div>     <\/div>\n<\/div><h3 class=\"clearfix qode-title-holder\">\n<span class=\"qode-tab-title\">\n\t    <span class=\"qode-tab-title-inner\">\n        What is the course contract period?    <\/span>\n<\/span>\n<span class=\"qode-accordion-mark\">\n    <span class=\"qode-accordion-mark-icon\">\n        <span class=\"icon_plus\"><\/span>\n        <span class=\"icon_minus-06\"><\/span>\n    <\/span>\n<\/span>\n<\/h3>\n<div  class=\"qode-accordion-content\" >\n    <div class=\"qode-accordion-content-inner\">\n        \n\t<div class=\"wpb_text_column wpb_content_element\">\n\t\t<div class=\"wpb_wrapper\">\n\t\t\t<p>You will be able to access the course from the moment of registration up to a complete period of 12 months.<\/p>\n\n\t\t<\/div> \n\t<\/div>     <\/div>\n<\/div><\/div>\t<div class=\"vc_empty_space\"  style=\"height: 50px\" ><span\n\t\t\tclass=\"vc_empty_space_inner\">\n\t\t\t<span class=\"empty_space_image\"  ><\/span>\n\t\t<\/span><\/div>\n\n\n\t<div class=\"wpb_text_column wpb_content_element\">\n\t\t<div class=\"wpb_wrapper\">\n\t\t\t<h2>Common questions for all trainings:<\/h2>\n\n\t\t<\/div> \n\t<\/div> \t<div class=\"vc_empty_space\"  style=\"height: 20px\" ><span\n\t\t\tclass=\"vc_empty_space_inner\">\n\t\t\t<span class=\"empty_space_image\"  ><\/span>\n\t\t<\/span><\/div>\n\n<div class=\"qode-accordion-holder clearfix qode-toggle qode-initial\">\n\t<h3 class=\"clearfix qode-title-holder\">\n<span class=\"qode-tab-title\">\n\t    <span class=\"qode-tab-title-inner\">\n        How is payment made at OpoAcademy?    <\/span>\n<\/span>\n<span class=\"qode-accordion-mark\">\n    <span class=\"qode-accordion-mark-icon\">\n        <span class=\"icon_plus\"><\/span>\n        <span class=\"icon_minus-06\"><\/span>\n    <\/span>\n<\/span>\n<\/h3>\n<div  class=\"qode-accordion-content\" >\n    <div class=\"qode-accordion-content-inner\">\n        \n\t<div class=\"wpb_text_column wpb_content_element\">\n\t\t<div class=\"wpb_wrapper\">\n\t\t\t<p>To access you will have to register on campus, click on the desired course and pay through Paypal. Once payment is accepted, you will receive an email with confirmation of registration and you will be able to access the course.<\/p>\n\n\t\t<\/div> \n\t<\/div>     <\/div>\n<\/div><h3 class=\"clearfix qode-title-holder\">\n<span class=\"qode-tab-title\">\n\t    <span class=\"qode-tab-title-inner\">\n        How long will the training be available?    <\/span>\n<\/span>\n<span class=\"qode-accordion-mark\">\n    <span class=\"qode-accordion-mark-icon\">\n        <span class=\"icon_plus\"><\/span>\n        <span class=\"icon_minus-06\"><\/span>\n    <\/span>\n<\/span>\n<\/h3>\n<div  class=\"qode-accordion-content\" >\n    <div class=\"qode-accordion-content-inner\">\n        \n\t<div class=\"wpb_text_column wpb_content_element\">\n\t\t<div class=\"wpb_wrapper\">\n\t\t\t<p>You will have the chosen courses for 1 year from the date of enrollment (except indicated promotions).<\/p>\n\n\t\t<\/div> \n\t<\/div>     <\/div>\n<\/div><h3 class=\"clearfix qode-title-holder\">\n<span class=\"qode-tab-title\">\n\t    <span class=\"qode-tab-title-inner\">\n        What if I have any questions during my study?    <\/span>\n<\/span>\n<span class=\"qode-accordion-mark\">\n    <span class=\"qode-accordion-mark-icon\">\n        <span class=\"icon_plus\"><\/span>\n        <span class=\"icon_minus-06\"><\/span>\n    <\/span>\n<\/span>\n<\/h3>\n<div  class=\"qode-accordion-content\" >\n    <div class=\"qode-accordion-content-inner\">\n        \n\t<div class=\"wpb_text_column wpb_content_element\">\n\t\t<div class=\"wpb_wrapper\">\n\t\t\t<p>You will have a contact email available with the teacher for any questions that arise during the study.<\/p>\n\n\t\t<\/div> \n\t<\/div>     <\/div>\n<\/div><h3 class=\"clearfix qode-title-holder\">\n<span class=\"qode-tab-title\">\n\t    <span class=\"qode-tab-title-inner\">\n        What if I have any incident in the use of the platform?    <\/span>\n<\/span>\n<span class=\"qode-accordion-mark\">\n    <span class=\"qode-accordion-mark-icon\">\n        <span class=\"icon_plus\"><\/span>\n        <span class=\"icon_minus-06\"><\/span>\n    <\/span>\n<\/span>\n<\/h3>\n<div  class=\"qode-accordion-content\" >\n    <div class=\"qode-accordion-content-inner\">\n        \n\t<div class=\"wpb_text_column wpb_content_element\">\n\t\t<div class=\"wpb_wrapper\">\n\t\t\t<p>You can notify us of any incident related to access and use of the campus at <a href=\"mailto:soporte@opoacademy.com\">soporte@opoacademy.com<\/a>, we will be happy to help you as soon as possible.<\/p>\n\n\t\t<\/div> \n\t<\/div>     <\/div>\n<\/div><\/div><\/div><\/div><\/div><\/div><\/div><\/div>\n<\/section>","protected":false},"excerpt":{"rendered":"FAQs Aqu\u00ed encontrar\u00e1s los pasos para poder apuntarte a cualquiera de nuestros cursos, as\u00ed como dudas sobre funcionamiento de nuestro campus, c\u00f3mo contactar en caso de incidencia, etc. Hemos creado OpoAcademy para dar a nuestros\/as alumnos\/as una formaci\u00f3n adaptada. Aqu\u00ed el alumno\/a podr\u00e1 crear su...","protected":false},"author":1,"featured_media":0,"parent":0,"menu_order":0,"comment_status":"closed","ping_status":"closed","template":"","meta":{"footnotes":""},"class_list":["post-2","page","type-page","status-publish","hentry"],"aioseo_notices":[],"_links":{"self":[{"href":"https:\/\/opoacademy.com\/en\/wp-json\/wp\/v2\/pages\/2","targetHints":{"allow":["GET"]}}],"collection":[{"href":"https:\/\/opoacademy.com\/en\/wp-json\/wp\/v2\/pages"}],"about":[{"href":"https:\/\/opoacademy.com\/en\/wp-json\/wp\/v2\/types\/page"}],"author":[{"embeddable":true,"href":"https:\/\/opoacademy.com\/en\/wp-json\/wp\/v2\/users\/1"}],"replies":[{"embeddable":true,"href":"https:\/\/opoacademy.com\/en\/wp-json\/wp\/v2\/comments?post=2"}],"version-history":[{"count":46,"href":"https:\/\/opoacademy.com\/en\/wp-json\/wp\/v2\/pages\/2\/revisions"}],"predecessor-version":[{"id":952,"href":"https:\/\/opoacademy.com\/en\/wp-json\/wp\/v2\/pages\/2\/revisions\/952"}],"wp:attachment":[{"href":"https:\/\/opoacademy.com\/en\/wp-json\/wp\/v2\/media?parent=2"}],"curies":[{"name":"wp","href":"https:\/\/api.w.org\/{rel}","templated":true}]}}