{"id":170,"date":"2018-03-23T12:40:13","date_gmt":"2018-03-23T12:40:13","guid":{"rendered":"http:\/\/bridge194.qodeinteractive.com\/?page_id=170"},"modified":"2025-04-14T11:27:31","modified_gmt":"2025-04-14T11:27:31","slug":"contactar","status":"publish","type":"page","link":"https:\/\/opoacademy.com\/en\/contactar\/","title":{"rendered":"Contactar con OpoAcademy"},"content":{"rendered":"<section class=\"wpb-content-wrapper\"><div      class=\"vc_row wpb_row section vc_row-fluid  vc_custom_1696520146060 grid_section\" style=' text-align:left;'><div class=\"section_inner clearfix\"><div class='section_inner_margin clearfix'><div class=\"wpb_column vc_column_container vc_col-sm-12 vc_col-has-fill\"><div class=\"vc_column-inner vc_custom_1696428844776\"><div class=\"wpb_wrapper\"><div      class=\"vc_row wpb_row section vc_row-fluid vc_inner\" style=' text-align:left;'><div class=\"full_section_inner clearfix\"><div class=\"wpb_column vc_column_container vc_col-sm-6\"><div class=\"vc_column-inner\"><div class=\"wpb_wrapper\"><div class='q_elements_holder one_column responsive_mode_from_768' ><div class='q_elements_item' data-1280-1440='40px 0px 60px 60px' data-1024-1280='40px 0px 60px 60px' data-768-1024='40px 0px 60px 60px' data-600-768='30px 30px 20px 30px' data-480-600='20px 20px 20px 20px' data-480='20px 20px 20px 20px' data-animation='no' data-item-class='q_elements_holder_custom_968292'><div class='q_elements_item_inner'><div class='q_elements_item_content q_elements_holder_custom_968292' style='padding:40px 0px 60px 60px'>\n\t<div class=\"wpb_single_image wpb_content_element vc_align_left\">\n\t\t<div class=\"wpb_wrapper\">\n\t\t\t\n\t\t\t<div class=\"vc_single_image-wrapper   vc_box_border_grey\"><img decoding=\"async\" class=\"vc_single_image-img\" src=\"https:\/\/opoacademy.com\/wp-content\/uploads\/2023\/11\/opoacademy-oposiciones-email-plane-amarillo-ico-80x80.png\" width=\"80\" height=\"80\" alt=\"Academia de Oposiciones\" title=\"opoacademy-oposiciones-email-plane-amarillo-ico\" \/><\/div>\n\t\t<\/div>\n\t<\/div>\n\t<div class=\"vc_empty_space\"  style=\"height: 17px\" ><span\n\t\t\tclass=\"vc_empty_space_inner\">\n\t\t\t<span class=\"empty_space_image\"  ><\/span>\n\t\t<\/span><\/div>\n\n\n\t<div class=\"wpb_text_column wpb_content_element\">\n\t\t<div class=\"wpb_wrapper\">\n\t\t\t<h3>OpoAcademy<\/h3>\n\n\t\t<\/div> \n\t<\/div> \n\t<div class=\"wpb_text_column wpb_content_element\">\n\t\t<div class=\"wpb_wrapper\">\n\t\t\t<p>Contactar con OpoAcademy para solicitar cualquier informaci\u00f3n con referencia a cursos y oposiciones.<\/p>\n\n\t\t<\/div> \n\t<\/div> \t<div class=\"vc_empty_space\"  style=\"height: 20px\" ><span\n\t\t\tclass=\"vc_empty_space_inner\">\n\t\t\t<span class=\"empty_space_image\"  ><\/span>\n\t\t<\/span><\/div>\n\n\n\t<div class=\"wpb_text_column wpb_content_element\">\n\t\t<div class=\"wpb_wrapper\">\n\t\t\t<h1>Contact us<\/h1>\n\n\t\t<\/div> \n\t<\/div> \t<div class=\"vc_empty_space\"  style=\"height: 17px\" ><span\n\t\t\tclass=\"vc_empty_space_inner\">\n\t\t\t<span class=\"empty_space_image\"  ><\/span>\n\t\t<\/span><\/div>\n\n<div class='q_icon_with_title tiny normal_icon'><div class=\"icon_holder\" style=\" \"><span data-icon-type=\"normal\"   style=\"\" class=\"qode_iwt_icon_holder q_font_awsome_icon fa-lg\"><i class=\"qode_icon_font_awesome fa fa-user qode_iwt_icon_element\" style=\"color: #f7b90f;\" ><\/i><\/span><\/div><div class=\"icon_text_holder\" style=\"\"><div class=\"icon_text_inner\" style=\"\"><h5 class=\"icon_title\" style=\"\"><\/h5><p style=''>Plasencia, C\u00e1ceres<\/p><\/div><\/div><\/div><div class='q_icon_with_title tiny normal_icon'><div class=\"icon_holder\" style=\" \"><span data-icon-type=\"normal\"   style=\"\" class=\"qode_iwt_icon_holder q_font_awsome_icon fa-lg\"><i class=\"qode_icon_font_awesome fa fa-envelope qode_iwt_icon_element\" style=\"color: #f7b90f;\" ><\/i><\/span><\/div><div class=\"icon_text_holder\" style=\"\"><div class=\"icon_text_inner\" style=\"\"><h5 class=\"icon_title\" style=\"\"><\/h5><p style=''>info@opoacademy.com<\/p><\/div><\/div><\/div>\t<div class=\"vc_empty_space\"  style=\"height: 17px\" ><span\n\t\t\tclass=\"vc_empty_space_inner\">\n\t\t\t<span class=\"empty_space_image\"  ><\/span>\n\t\t<\/span><\/div>\n\n<\/div><\/div><\/div><\/div><\/div><\/div><\/div><div class=\"wpb_column vc_column_container vc_col-sm-6\"><div class=\"vc_column-inner\"><div class=\"wpb_wrapper\"><div class='q_elements_holder one_column responsive_mode_from_768' ><div class='q_elements_item' data-1280-1440='40px 60px 40px 30px' data-1024-1280='40px 60px 40px 30px' data-768-1024='40px 60px 40px 30px' data-600-768='20px 20px 20px 20px' data-480-600='20px 20px 20px 20px' data-480='20px 20px 20px 20px' data-animation='no' data-item-class='q_elements_holder_custom_503783'><div class='q_elements_item_inner'><div class='q_elements_item_content q_elements_holder_custom_503783' style='padding:40px 60px 40px 30px'>\n<div class=\"wpcf7 no-js\" id=\"wpcf7-f390-o1\" lang=\"es-ES\" dir=\"ltr\" data-wpcf7-id=\"390\">\n<div class=\"screen-reader-response\"><p role=\"status\" aria-live=\"polite\" aria-atomic=\"true\"><\/p> <ul><\/ul><\/div>\n<form action=\"\/en\/wp-json\/wp\/v2\/pages\/170#wpcf7-f390-o1\" method=\"post\" class=\"wpcf7-form init default\" aria-label=\"Formulario de contacto\" novalidate=\"novalidate\" data-status=\"init\" data-trp-original-action=\"\/en\/wp-json\/wp\/v2\/pages\/170#wpcf7-f390-o1\">\n<fieldset class=\"hidden-fields-container\"><input type=\"hidden\" name=\"_wpcf7\" value=\"390\" \/><input type=\"hidden\" name=\"_wpcf7_version\" value=\"6.1.4\" \/><input type=\"hidden\" name=\"_wpcf7_locale\" value=\"es_ES\" \/><input type=\"hidden\" name=\"_wpcf7_unit_tag\" value=\"wpcf7-f390-o1\" \/><input type=\"hidden\" name=\"_wpcf7_container_post\" value=\"0\" \/><input type=\"hidden\" name=\"_wpcf7_posted_data_hash\" value=\"\" \/><input type=\"hidden\" name=\"_wpcf7_recaptcha_response\" value=\"\" \/>\n<\/fieldset>\n<label> <span class=\"wpcf7-form-control-wrap\" data-name=\"your-name\"><input size=\"40\" maxlength=\"400\" class=\"wpcf7-form-control wpcf7-text wpcf7-validates-as-required\" aria-required=\"true\" aria-invalid=\"false\" placeholder=\"Name\" value=\"\" type=\"text\" name=\"your-name\" \/><\/span><\/label>\n<label> <span class=\"wpcf7-form-control-wrap\" data-name=\"your-surname-opo\"><input size=\"40\" maxlength=\"400\" class=\"wpcf7-form-control wpcf7-text wpcf7-validates-as-required\" aria-required=\"true\" aria-invalid=\"false\" placeholder=\"Surname\" value=\"\" type=\"text\" name=\"your-surname-opo\" \/><\/span><\/label>\n<label> <span class=\"wpcf7-form-control-wrap\" data-name=\"your-province-opo\"><input size=\"40\" maxlength=\"400\" class=\"wpcf7-form-control wpcf7-text wpcf7-validates-as-required\" aria-required=\"true\" aria-invalid=\"false\" placeholder=\"Province\" value=\"\" type=\"text\" name=\"your-province-opo\" \/><\/span><\/label>\n<label> <span class=\"wpcf7-form-control-wrap\" data-name=\"your-tel-opo\"><input size=\"40\" maxlength=\"400\" class=\"wpcf7-form-control wpcf7-tel wpcf7-validates-as-required wpcf7-text wpcf7-validates-as-tel\" aria-required=\"true\" aria-invalid=\"false\" placeholder=\"Phone\" value=\"\" type=\"tel\" name=\"your-tel-opo\" \/><\/span><\/label>\n<label> <span class=\"wpcf7-form-control-wrap\" data-name=\"your-email-opo\"><input size=\"40\" maxlength=\"400\" class=\"wpcf7-form-control wpcf7-email wpcf7-validates-as-required wpcf7-text wpcf7-validates-as-email\" aria-required=\"true\" aria-invalid=\"false\" placeholder=\"Email\" value=\"\" type=\"email\" name=\"your-email-opo\" \/><\/span><\/label>\n<label> <span class=\"wpcf7-form-control-wrap\" data-name=\"menu-130\"><select class=\"wpcf7-form-control wpcf7-select wpcf7-validates-as-required\" aria-required=\"true\" aria-invalid=\"false\" name=\"menu-130\"><option value=\"Selecciona tu curso:\">Select your course:<\/option><option value=\"Oposiciones Celador SES\">SES Warden Oppositions<\/option><option value=\"Oposiciones Correos\">Public Exams Post Office<\/option><option value=\"Curso Tests Correos\">Text Exams Post Office<\/option><option value=\"Curso Constituci\u00f3n Espa\u00f1ola\">Spanish Constitution Course<\/option><option value=\"Test Celador\/a del SES\">Test Celador\/a del SES<\/option><option value=\"Otra Informaci\u00f3n\">Other information<\/option><\/select><\/span><\/label>\n<label style=\"margin-top:15px;font-size:13px\"> <span class=\"wpcf7-form-control-wrap\" data-name=\"your-message-opo\"><textarea cols=\"40\" rows=\"3\" maxlength=\"2000\" class=\"wpcf7-form-control wpcf7-textarea\" aria-invalid=\"false\" placeholder=\"Message\" name=\"your-message-opo\"><\/textarea><\/span><\/label>\n<p style=\"margin-top:15px;font-size:13px\"><span class=\"wpcf7-form-control-wrap\" data-name=\"acceptance-01-opo\"><span class=\"wpcf7-form-control wpcf7-acceptance\"><span class=\"wpcf7-list-item\"><label><input type=\"checkbox\" name=\"acceptance-01-opo\" value=\"1\" aria-invalid=\"false\" \/><span class=\"wpcf7-list-item-label\">I confirm that I have read and accept the <a href=\"https:\/\/opoacademy.com\/politica-de-privacidad\"> Privacy Policy. <\/a><\/span><\/label><\/span><\/span><\/span><br>\n<span class=\"wpcf7-form-control-wrap\" data-name=\"acceptance-02-opo\"><span class=\"wpcf7-form-control wpcf7-acceptance optional\"><span class=\"wpcf7-list-item\"><label><input type=\"checkbox\" name=\"acceptance-02-opo\" value=\"1\" aria-invalid=\"false\" \/><span class=\"wpcf7-list-item-label\">I consent to the use of my data for commercial shipments.<\/span><\/label><\/span><\/span><\/span><\/p>\n<div>\n<input class=\"wpcf7-form-control wpcf7-submit has-spinner\" type=\"submit\" value=\"Send\" \/>\n<\/div>\n<p style=\"font-size:11px;line-height:15px;margin-top:35px\">\nResponsible: OpoAcademy\nDPD Email: info@opoacademy.com\nPurpose: Management and response to requests and queries. Use of data to send commercial information.\nRights: Access, rectify and delete data, request data portability, oppose processing, request its limitation and withdraw consent.<\/p><div class=\"wpcf7-response-output\" aria-hidden=\"true\"><\/div>\n<input type=\"hidden\" name=\"trp-form-language\" value=\"en\"\/><\/form>\n<\/div>\n<\/div><\/div><\/div><\/div><\/div><\/div><\/div><\/div><\/div><\/div><\/div><\/div><\/div><\/div><\/div><div      class=\"vc_row wpb_row section vc_row-fluid  vc_custom_1696278011671 grid_section\" style=' text-align:center;'><div class=\"section_inner clearfix\"><div class='section_inner_margin clearfix'><div class=\"wpb_column vc_column_container vc_col-sm-12\"><div class=\"vc_column-inner\"><div class=\"wpb_wrapper\">\n\t<div class=\"wpb_text_column wpb_content_element\">\n\t\t<div class=\"wpb_wrapper\">\n\t\t\t<p style=\"text-align: center;\">DIGITAL KIT PROGRAM FINANCED BY THE NEXT GENERATION (EU) FUNDS OF THE RECOVERY AND RESILIENCE MECHANISM<\/p>\n\n\t\t<\/div> \n\t<\/div> \t<div class=\"vc_empty_space\"  style=\"height: 20px\" ><span\n\t\t\tclass=\"vc_empty_space_inner\">\n\t\t\t<span class=\"empty_space_image\"  ><\/span>\n\t\t<\/span><\/div>\n\n\n\t<div class=\"wpb_single_image wpb_content_element vc_align_left\">\n\t\t<div class=\"wpb_wrapper\">\n\t\t\t\n\t\t\t<div class=\"vc_single_image-wrapper   vc_box_border_grey\"><img fetchpriority=\"high\" decoding=\"async\" width=\"8192\" height=\"522\" src=\"https:\/\/opoacademy.com\/wp-content\/uploads\/2023\/10\/Logo-digitalizadores.png\" class=\"vc_single_image-img attachment-full\" alt=\"Kit Digital empresas en Extremadura\" title=\"Logo-digitalizadores\" srcset=\"https:\/\/opoacademy.com\/wp-content\/uploads\/2023\/10\/Logo-digitalizadores.png 8192w, https:\/\/opoacademy.com\/wp-content\/uploads\/2023\/10\/Logo-digitalizadores-300x19.png 300w, https:\/\/opoacademy.com\/wp-content\/uploads\/2023\/10\/Logo-digitalizadores-1024x65.png 1024w, https:\/\/opoacademy.com\/wp-content\/uploads\/2023\/10\/Logo-digitalizadores-768x49.png 768w, https:\/\/opoacademy.com\/wp-content\/uploads\/2023\/10\/Logo-digitalizadores-1536x98.png 1536w, https:\/\/opoacademy.com\/wp-content\/uploads\/2023\/10\/Logo-digitalizadores-2048x131.png 2048w, https:\/\/opoacademy.com\/wp-content\/uploads\/2023\/10\/Logo-digitalizadores-700x45.png 700w\" sizes=\"(max-width: 8192px) 100vw, 8192px\" \/><\/div>\n\t\t<\/div>\n\t<\/div>\n<\/div><\/div><\/div><\/div><\/div><\/div>\n<\/section>","protected":false},"excerpt":{"rendered":"OpoAcademy Contactar con OpoAcademy para solicitar cualquier informaci\u00f3n con referencia a cursos y oposiciones. Cont\u00e1ctanos Plasencia, C\u00e1ceresinfo@opoacademy.com Selecciona tu curso:Oposiciones Celador SESOposiciones CorreosCurso Tests CorreosCurso Constituci\u00f3n Espa\u00f1olaTest Celador\/a del SESOtra Informaci\u00f3n Confirmo que he le\u00eddo y acepto la Pol\u00edtica de Privacidad. Consiento el uso de...","protected":false},"author":2,"featured_media":0,"parent":0,"menu_order":0,"comment_status":"closed","ping_status":"closed","template":"full_width.php","meta":{"footnotes":""},"class_list":["post-170","page","type-page","status-publish","hentry"],"aioseo_notices":[],"_links":{"self":[{"href":"https:\/\/opoacademy.com\/en\/wp-json\/wp\/v2\/pages\/170","targetHints":{"allow":["GET"]}}],"collection":[{"href":"https:\/\/opoacademy.com\/en\/wp-json\/wp\/v2\/pages"}],"about":[{"href":"https:\/\/opoacademy.com\/en\/wp-json\/wp\/v2\/types\/page"}],"author":[{"embeddable":true,"href":"https:\/\/opoacademy.com\/en\/wp-json\/wp\/v2\/users\/2"}],"replies":[{"embeddable":true,"href":"https:\/\/opoacademy.com\/en\/wp-json\/wp\/v2\/comments?post=170"}],"version-history":[{"count":22,"href":"https:\/\/opoacademy.com\/en\/wp-json\/wp\/v2\/pages\/170\/revisions"}],"predecessor-version":[{"id":1243,"href":"https:\/\/opoacademy.com\/en\/wp-json\/wp\/v2\/pages\/170\/revisions\/1243"}],"wp:attachment":[{"href":"https:\/\/opoacademy.com\/en\/wp-json\/wp\/v2\/media?parent=170"}],"curies":[{"name":"wp","href":"https:\/\/api.w.org\/{rel}","templated":true}]}}